{"id":5144,"date":"2021-09-21T09:47:07","date_gmt":"2021-09-21T14:47:07","guid":{"rendered":"https:\/\/rbh-access.com\/?page_id=5144"},"modified":"2024-01-22T13:01:06","modified_gmt":"2024-01-22T18:01:06","slug":"integra32-approval","status":"publish","type":"page","link":"https:\/\/rbh-access.com\/es\/integra32-approval\/","title":{"rendered":"Programa de integrador aprobado"},"content":{"rendered":"<div data-elementor-type=\"wp-page\" data-elementor-id=\"5144\" class=\"elementor elementor-5144\" data-elementor-settings=\"{&quot;element_pack_global_tooltip_width&quot;:{&quot;unit&quot;:&quot;px&quot;,&quot;size&quot;:&quot;&quot;,&quot;sizes&quot;:[]},&quot;element_pack_global_tooltip_width_tablet&quot;:{&quot;unit&quot;:&quot;px&quot;,&quot;size&quot;:&quot;&quot;,&quot;sizes&quot;:[]},&quot;element_pack_global_tooltip_width_mobile&quot;:{&quot;unit&quot;:&quot;px&quot;,&quot;size&quot;:&quot;&quot;,&quot;sizes&quot;:[]},&quot;element_pack_global_tooltip_padding&quot;:{&quot;unit&quot;:&quot;px&quot;,&quot;top&quot;:&quot;&quot;,&quot;right&quot;:&quot;&quot;,&quot;bottom&quot;:&quot;&quot;,&quot;left&quot;:&quot;&quot;,&quot;isLinked&quot;:true},&quot;element_pack_global_tooltip_padding_tablet&quot;:{&quot;unit&quot;:&quot;px&quot;,&quot;top&quot;:&quot;&quot;,&quot;right&quot;:&quot;&quot;,&quot;bottom&quot;:&quot;&quot;,&quot;left&quot;:&quot;&quot;,&quot;isLinked&quot;:true},&quot;element_pack_global_tooltip_padding_mobile&quot;:{&quot;unit&quot;:&quot;px&quot;,&quot;top&quot;:&quot;&quot;,&quot;right&quot;:&quot;&quot;,&quot;bottom&quot;:&quot;&quot;,&quot;left&quot;:&quot;&quot;,&quot;isLinked&quot;:true},&quot;element_pack_global_tooltip_border_radius&quot;:{&quot;unit&quot;:&quot;px&quot;,&quot;top&quot;:&quot;&quot;,&quot;right&quot;:&quot;&quot;,&quot;bottom&quot;:&quot;&quot;,&quot;left&quot;:&quot;&quot;,&quot;isLinked&quot;:true},&quot;element_pack_global_tooltip_border_radius_tablet&quot;:{&quot;unit&quot;:&quot;px&quot;,&quot;top&quot;:&quot;&quot;,&quot;right&quot;:&quot;&quot;,&quot;bottom&quot;:&quot;&quot;,&quot;left&quot;:&quot;&quot;,&quot;isLinked&quot;:true},&quot;element_pack_global_tooltip_border_radius_mobile&quot;:{&quot;unit&quot;:&quot;px&quot;,&quot;top&quot;:&quot;&quot;,&quot;right&quot;:&quot;&quot;,&quot;bottom&quot;:&quot;&quot;,&quot;left&quot;:&quot;&quot;,&quot;isLinked&quot;:true}}\" data-elementor-post-type=\"page\">\n\t\t\t\t\t\t<section class=\"elementor-section elementor-top-section elementor-element elementor-element-3dcda0be elementor-section-boxed elementor-section-height-default elementor-section-height-default\" data-id=\"3dcda0be\" data-element_type=\"section\" data-e-type=\"section\">\n\t\t\t\t\t\t<div class=\"elementor-container elementor-column-gap-default\">\n\t\t\t\t\t<div class=\"aux-parallax-section elementor-column elementor-col-50 elementor-top-column elementor-element elementor-element-4116bf6b aux-appear-watch-animation aux-fade-in-left\" data-id=\"4116bf6b\" data-element_type=\"column\" data-e-type=\"column\">\n\t\t\t<div class=\"elementor-widget-wrap elementor-element-populated\">\n\t\t\t\t\t\t<div class=\"elementor-element elementor-element-4c67ea71 elementor-widget elementor-widget-aux_image\" data-id=\"4c67ea71\" data-element_type=\"widget\" data-e-type=\"widget\" data-widget_type=\"aux_image.default\">\n\t\t\t\t<div class=\"elementor-widget-container\">\n\t\t\t\t\t<section class=\"widget-container aux-widget-image aux-alignnone aux-parent-aue91f6869\">\n    <div class=\"aux-media-hint-frame\">\n        <div class=\"aux-media-image\" >\n        \n            \n\n            \n            <img fetchpriority=\"high\" decoding=\"async\" width=\"915\" height=\"870\" src=\"https:\/\/rbh-access.com\/wp-content\/uploads\/2021\/09\/integra32-approval-img-915x870.jpg\" class=\"aux-attachment aux-featured-image aux-attachment-id-5145\" alt=\"integra32-aprobacion-img\" srcset=\"https:\/\/rbh-access.com\/wp-content\/uploads\/2021\/09\/integra32-approval-img-150x143.jpg 150w,https:\/\/rbh-access.com\/wp-content\/uploads\/2021\/09\/integra32-approval-img-300x285.jpg 300w,https:\/\/rbh-access.com\/wp-content\/uploads\/2021\/09\/integra32-approval-img-768x730.jpg 768w,https:\/\/rbh-access.com\/wp-content\/uploads\/2021\/09\/integra32-approval-img-915x870.jpg 915w\" data-ratio=\"1.05\" data-original-w=\"915\" sizes=\"(max-width:479px) 480px,(max-width:767px) 768px,(max-width:1023px) 1024px,915px\" \/>            \n                <\/div>\n    <\/div>\n\n<\/section><!-- widget-container -->\t\t\t\t<\/div>\n\t\t\t\t<\/div>\n\t\t\t\t\t<\/div>\n\t\t<\/div>\n\t\t\t\t<div class=\"aux-parallax-section aux-parallax-piece elementor-column elementor-col-50 elementor-top-column elementor-element elementor-element-361c6c25 aux-appear-watch-animation aux-fade-in-right\" data-parallax-origin=\"bottom\" data-parallax-depth=\"0.2\" data-parallax-off=\"1024\" data-id=\"361c6c25\" data-element_type=\"column\" data-e-type=\"column\">\n\t\t\t<div class=\"elementor-widget-wrap elementor-element-populated\">\n\t\t\t\t\t\t<section data-dce-background-color=\"#ffffff\" class=\"elementor-section elementor-inner-section elementor-element elementor-element-3dae68ba elementor-reverse-mobile elementor-section-boxed elementor-section-height-default elementor-section-height-default\" data-id=\"3dae68ba\" data-element_type=\"section\" data-e-type=\"section\" data-settings=\"{&quot;background_background&quot;:&quot;classic&quot;}\">\n\t\t\t\t\t\t<div class=\"elementor-container elementor-column-gap-default\">\n\t\t\t\t\t<div class=\"aux-parallax-section elementor-column elementor-col-100 elementor-inner-column elementor-element elementor-element-3cb699c\" data-id=\"3cb699c\" data-element_type=\"column\" data-e-type=\"column\">\n\t\t\t<div class=\"elementor-widget-wrap elementor-element-populated\">\n\t\t\t\t\t\t<div class=\"elementor-element elementor-element-c2f9aa3 elementor-widget elementor-widget-image\" data-id=\"c2f9aa3\" data-element_type=\"widget\" data-e-type=\"widget\" data-widget_type=\"image.default\">\n\t\t\t\t<div class=\"elementor-widget-container\">\n\t\t\t\t\t\t\t\t\t\t\t\t\t\t\t<img decoding=\"async\" width=\"500\" height=\"170\" src=\"https:\/\/rbh-access.com\/wp-content\/uploads\/2021\/03\/software-integra.png\" class=\"attachment-full size-full wp-image-743\" alt=\"\" \/>\t\t\t\t\t\t\t\t\t\t\t\t\t\t\t<\/div>\n\t\t\t\t<\/div>\n\t\t\t\t<div data-dce-title-color=\"#014B8F\" class=\"elementor-element elementor-element-79aa3f1 elementor-widget elementor-widget-aux_modern_heading\" data-id=\"79aa3f1\" data-element_type=\"widget\" data-e-type=\"widget\" data-widget_type=\"aux_modern_heading.default\">\n\t\t\t\t<div class=\"elementor-widget-container\">\n\t\t\t\t\t<section class=\"aux-widget-modern-heading\">\n            <div class=\"aux-widget-inner\"><div class=\"aux-modern-heading-divider\"><\/div><h3 class=\"aux-modern-heading-primary\">Programa de integrador aprobado<\/h3><\/div>\n        <\/section>\t\t\t\t<\/div>\n\t\t\t\t<\/div>\n\t\t\t\t<div class=\"elementor-element elementor-element-1940f6fa aux-appear-watch-animation aux-fade-in-up elementor-widget elementor-widget-aux_modern_heading\" data-id=\"1940f6fa\" data-element_type=\"widget\" data-e-type=\"widget\" data-widget_type=\"aux_modern_heading.default\">\n\t\t\t\t<div class=\"elementor-widget-container\">\n\t\t\t\t\t<section class=\"aux-widget-modern-heading\">\n            <div class=\"aux-widget-inner\"><h2 class=\"aux-modern-heading-primary\"><\/h2><div class=\"aux-modern-heading-description\"><h4><strong>\u00bfPor qu\u00e9 deber\u00eda usted convertirse en un integrador aprobado de Integra32?<\/strong><\/h4><p>El sello de aprobaci\u00f3n de RBH mostrara sus aptitudes con el software y hardware de Integra32. Al convertirse en un integrador aprobado le ayudar\u00e1 a obtener reconocimiento profesional, diferenciarse de la competencia y ganar nuevos negocios. Al completar con \u00e9xito, recibir\u00e1 logotipos oficiales que se podr\u00e1n utilizar en su material de marketing y sitio web. M\u00e1s importante a\u00fan, su empresa ser\u00e1 reconocida por RBH y estar\u00e1 a la cabeza de ser recomendada a nuestros clientes.<\/p><h4><strong>\u00bfC\u00f3mo convertirse en un integrador aprobado de Integra32?<\/strong><\/h4><p>Obtener la aprobaci\u00f3n es un proceso simple que implica una revisi\u00f3n del sistema Integra32 y sus especificaciones (consulte los materiales de estudio a continuaci\u00f3n) y, luego, una prueba sobre lo que ha estudiado. Una vez que haya decidido seguir adelante con el proceso de aprobaci\u00f3n, revise los materiales de estudio, haga clic en el bot\u00f3n &quot;Realizar el cuestionario&quot; que aparece a continuaci\u00f3n y siga las instrucciones.<\/p><p><strong>NOTA: Para realizar el cuestionario es necesario ser usuario registrado del sitio oficial RBH Access<\/strong><\/p><h4><strong>Materiales de estudio<\/strong><\/h4><ul><li><a href=\"https:\/\/rbh-access.com\/downloads\/RBHIntegra32Catalog.pdf\" target=\"_blank\" rel=\"noopener\">Cat\u00e1logo Integra32<\/a><\/li><li><a href=\"https:\/\/rbh-access.com\/es\/support\/integra32\/#manuals\">Notas y Manuales de Integra32<\/a><\/li><li><a href=\"https:\/\/rbh-access.com\/es\/support\/integra32\/#documents\">Documentos de instalaci\u00f3n de Integra32<\/a><\/li><li><a href=\"https:\/\/rbh-access.com\/es\/support\/integra32\/#videos\">V\u00eddeos de instalaci\u00f3n y usuario de Integra32<\/a><\/li><\/ul><h4><strong>\u00bfExiste alg\u00fan costo asociado a la aprobaci\u00f3n de Integra32?<\/strong><\/h4><p>No hay ning\u00fan costo asociado para obtener la aprobaci\u00f3n de Integra32.<\/p><h4><strong>\u00bfCu\u00e1nto dura el curso de aprobaci\u00f3n de Integra32?<\/strong><\/h4><p>El cuestionario de aprobaci\u00f3n de Integra32 tiene 100 preguntas. Todas las respuestas son de opci\u00f3n m\u00faltiple. El tiempo asignado para completar el cuestionario es de 48 horas.<\/p><\/div><\/div>\n        <\/section>\t\t\t\t<\/div>\n\t\t\t\t<\/div>\n\t\t\t\t<div class=\"elementor-element elementor-element-dd3816b elementor-widget elementor-widget-spacer\" data-id=\"dd3816b\" data-element_type=\"widget\" data-e-type=\"widget\" data-widget_type=\"spacer.default\">\n\t\t\t\t<div class=\"elementor-widget-container\">\n\t\t\t\t\t\t\t<div class=\"elementor-spacer\">\n\t\t\t<div class=\"elementor-spacer-inner\"><\/div>\n\t\t<\/div>\n\t\t\t\t\t\t<\/div>\n\t\t\t\t<\/div>\n\t\t\t\t<div class=\"elementor-element elementor-element-d55b7de elementor-align-center elementor-widget elementor-widget-button\" data-id=\"d55b7de\" data-element_type=\"widget\" data-e-type=\"widget\" data-widget_type=\"button.default\">\n\t\t\t\t<div class=\"elementor-widget-container\">\n\t\t\t\t\t\t\t\t\t<div class=\"elementor-button-wrapper\">\n\t\t\t\t\t<a class=\"elementor-button elementor-button-link elementor-size-sm\" href=\"https:\/\/training.rbh-access.com\/integrator-approved-in-integra32\/\" target=\"_blank\">\n\t\t\t\t\t\t<span class=\"elementor-button-content-wrapper\">\n\t\t\t\t\t\t\t\t\t<span class=\"elementor-button-text\">Haz la prueba<\/span>\n\t\t\t\t\t<\/span>\n\t\t\t\t\t<\/a>\n\t\t\t\t<\/div>\n\t\t\t\t\t\t\t\t<\/div>\n\t\t\t\t<\/div>\n\t\t\t\t<div class=\"elementor-element elementor-element-2b0d871 elementor-align-center elementor-widget elementor-widget-button\" data-id=\"2b0d871\" data-element_type=\"widget\" data-e-type=\"widget\" data-no-translation=\"\" data-widget_type=\"button.default\">\n\t\t\t\t<div class=\"elementor-widget-container\">\n\t\t\t\t\t\t\t\t\t<div class=\"elementor-button-wrapper\">\n\t\t\t\t\t<a class=\"elementor-button elementor-button-link elementor-size-sm\" href=\"https:\/\/training.rbh-access.com\/integrador-aprobado-integra32\/\" target=\"_blank\">\n\t\t\t\t\t\t<span class=\"elementor-button-content-wrapper\">\n\t\t\t\t\t\t\t\t\t<span class=\"elementor-button-text\">Tomar la prueba<\/span>\n\t\t\t\t\t<\/span>\n\t\t\t\t\t<\/a>\n\t\t\t\t<\/div>\n\t\t\t\t\t\t\t\t<\/div>\n\t\t\t\t<\/div>\n\t\t\t\t\t<\/div>\n\t\t<\/div>\n\t\t\t\t\t<\/div>\n\t\t<\/section>\n\t\t\t\t\t<\/div>\n\t\t<\/div>\n\t\t\t\t\t<\/div>\n\t\t<\/section>\n\t\t\t\t<\/div>","protected":false},"excerpt":{"rendered":"<p>Programa de revendedor aprobado \u00bfPor qu\u00e9 deber\u00eda obtener la aprobaci\u00f3n de Integra32? El Sello de Aprobaci\u00f3n RBH Integra32 muestra su aptitud para el software y hardware Integra32. Obtener la aprobaci\u00f3n de RBH Integra32 lo ayudar\u00e1 a obtener reconocimiento profesional, diferenciarse de la competencia y obtener nuevos negocios. Al finalizar con \u00e9xito, recibir\u00e1 logotipos oficiales que podr\u00e1 utilizar en su marketing [\u2026]<\/p>","protected":false},"author":1,"featured_media":5145,"parent":0,"menu_order":0,"comment_status":"closed","ping_status":"closed","template":"","meta":{"content-type":"","footnotes":""},"class_list":["post-5144","page","type-page","status-publish","has-post-thumbnail","hentry"],"yoast_head":"<!-- This site is optimized with the Yoast SEO plugin v27.2 - https:\/\/yoast.com\/product\/yoast-seo-wordpress\/ -->\n<title>Approved Reseller Program - RBH Access Technologies<\/title>\n<meta name=\"description\" content=\"The RBH Integra32 Approval Seal shows your aptitude for Integra32 software and hardware. Becoming RBH Integra32 Approved will help you gain professional recognition, differentiate you from competitors, and earn new business.\" \/>\n<meta name=\"robots\" content=\"index, follow, max-snippet:-1, max-image-preview:large, max-video-preview:-1\" \/>\n<link rel=\"canonical\" href=\"https:\/\/rbh-access.com\/es\/integra32-approval\/\" \/>\n<meta property=\"og:locale\" content=\"es_MX\" \/>\n<meta property=\"og:type\" content=\"article\" \/>\n<meta property=\"og:title\" content=\"Approved Reseller Program - RBH Access Technologies\" \/>\n<meta property=\"og:description\" content=\"The RBH Integra32 Approval Seal shows your aptitude for Integra32 software and hardware. Becoming RBH Integra32 Approved will help you gain professional recognition, differentiate you from competitors, and earn new business.\" \/>\n<meta property=\"og:url\" content=\"https:\/\/rbh-access.com\/es\/integra32-approval\/\" \/>\n<meta property=\"og:site_name\" content=\"RBH Access Technologies\" \/>\n<meta property=\"article:modified_time\" content=\"2024-01-22T18:01:06+00:00\" \/>\n<meta property=\"og:image\" content=\"https:\/\/rbh-access.com\/wp-content\/uploads\/2021\/09\/integra32-approval-img.jpg\" \/>\n\t<meta property=\"og:image:width\" content=\"915\" \/>\n\t<meta property=\"og:image:height\" content=\"870\" \/>\n\t<meta property=\"og:image:type\" content=\"image\/jpeg\" \/>\n<meta name=\"twitter:card\" content=\"summary_large_image\" \/>\n<meta name=\"twitter:label1\" content=\"Tiempo de lectura\" \/>\n\t<meta name=\"twitter:data1\" content=\"2 minutos\" \/>\n<script type=\"application\/ld+json\" class=\"yoast-schema-graph\">{\"@context\":\"https:\/\/schema.org\",\"@graph\":[{\"@type\":\"WebPage\",\"@id\":\"https:\/\/rbh-access.com\/integra32-approval\/\",\"url\":\"https:\/\/rbh-access.com\/integra32-approval\/\",\"name\":\"Approved Reseller Program - RBH Access Technologies\",\"isPartOf\":{\"@id\":\"https:\/\/rbh-access.com\/#website\"},\"primaryImageOfPage\":{\"@id\":\"https:\/\/rbh-access.com\/integra32-approval\/#primaryimage\"},\"image\":{\"@id\":\"https:\/\/rbh-access.com\/integra32-approval\/#primaryimage\"},\"thumbnailUrl\":\"https:\/\/rbh-access.com\/wp-content\/uploads\/2021\/09\/integra32-approval-img.jpg\",\"datePublished\":\"2021-09-21T14:47:07+00:00\",\"dateModified\":\"2024-01-22T18:01:06+00:00\",\"description\":\"The RBH Integra32 Approval Seal shows your aptitude for Integra32 software and hardware. Becoming RBH Integra32 Approved will help you gain professional recognition, differentiate you from competitors, and earn new business.\",\"breadcrumb\":{\"@id\":\"https:\/\/rbh-access.com\/integra32-approval\/#breadcrumb\"},\"inLanguage\":\"es\",\"potentialAction\":[{\"@type\":\"ReadAction\",\"target\":[\"https:\/\/rbh-access.com\/integra32-approval\/\"]}]},{\"@type\":\"ImageObject\",\"inLanguage\":\"es\",\"@id\":\"https:\/\/rbh-access.com\/integra32-approval\/#primaryimage\",\"url\":\"https:\/\/rbh-access.com\/wp-content\/uploads\/2021\/09\/integra32-approval-img.jpg\",\"contentUrl\":\"https:\/\/rbh-access.com\/wp-content\/uploads\/2021\/09\/integra32-approval-img.jpg\",\"width\":915,\"height\":870},{\"@type\":\"BreadcrumbList\",\"@id\":\"https:\/\/rbh-access.com\/integra32-approval\/#breadcrumb\",\"itemListElement\":[{\"@type\":\"ListItem\",\"position\":1,\"name\":\"Home\",\"item\":\"https:\/\/rbh-access.com\/\"},{\"@type\":\"ListItem\",\"position\":2,\"name\":\"Approved Reseller Program\"}]},{\"@type\":\"WebSite\",\"@id\":\"https:\/\/rbh-access.com\/#website\",\"url\":\"https:\/\/rbh-access.com\/\",\"name\":\"RBH Access Technologies\",\"description\":\"We Are Access Control\",\"publisher\":{\"@id\":\"https:\/\/rbh-access.com\/#organization\"},\"potentialAction\":[{\"@type\":\"SearchAction\",\"target\":{\"@type\":\"EntryPoint\",\"urlTemplate\":\"https:\/\/rbh-access.com\/?s={search_term_string}\"},\"query-input\":{\"@type\":\"PropertyValueSpecification\",\"valueRequired\":true,\"valueName\":\"search_term_string\"}}],\"inLanguage\":\"es\"},{\"@type\":\"Organization\",\"@id\":\"https:\/\/rbh-access.com\/#organization\",\"name\":\"RBH Access Technologies\",\"url\":\"https:\/\/rbh-access.com\/\",\"logo\":{\"@type\":\"ImageObject\",\"inLanguage\":\"es\",\"@id\":\"https:\/\/rbh-access.com\/#\/schema\/logo\/image\/\",\"url\":\"https:\/\/rbh-access.com\/wp-content\/uploads\/2021\/03\/log2.png\",\"contentUrl\":\"https:\/\/rbh-access.com\/wp-content\/uploads\/2021\/03\/log2.png\",\"width\":192,\"height\":82,\"caption\":\"RBH Access Technologies\"},\"image\":{\"@id\":\"https:\/\/rbh-access.com\/#\/schema\/logo\/image\/\"}}]}<\/script>\n<!-- \/ Yoast SEO plugin. -->","yoast_head_json":{"title":"Approved Reseller Program - RBH Access Technologies","description":"The RBH Integra32 Approval Seal shows your aptitude for Integra32 software and hardware. Becoming RBH Integra32 Approved will help you gain professional recognition, differentiate you from competitors, and earn new business.","robots":{"index":"index","follow":"follow","max-snippet":"max-snippet:-1","max-image-preview":"max-image-preview:large","max-video-preview":"max-video-preview:-1"},"canonical":"https:\/\/rbh-access.com\/es\/integra32-approval\/","og_locale":"es_MX","og_type":"article","og_title":"Approved Reseller Program - RBH Access Technologies","og_description":"The RBH Integra32 Approval Seal shows your aptitude for Integra32 software and hardware. Becoming RBH Integra32 Approved will help you gain professional recognition, differentiate you from competitors, and earn new business.","og_url":"https:\/\/rbh-access.com\/es\/integra32-approval\/","og_site_name":"RBH Access Technologies","article_modified_time":"2024-01-22T18:01:06+00:00","og_image":[{"width":915,"height":870,"url":"https:\/\/rbh-access.com\/wp-content\/uploads\/2021\/09\/integra32-approval-img.jpg","type":"image\/jpeg"}],"twitter_card":"summary_large_image","twitter_misc":{"Tiempo de lectura":"2 minutos"},"schema":{"@context":"https:\/\/schema.org","@graph":[{"@type":"WebPage","@id":"https:\/\/rbh-access.com\/integra32-approval\/","url":"https:\/\/rbh-access.com\/integra32-approval\/","name":"Approved Reseller Program - RBH Access Technologies","isPartOf":{"@id":"https:\/\/rbh-access.com\/#website"},"primaryImageOfPage":{"@id":"https:\/\/rbh-access.com\/integra32-approval\/#primaryimage"},"image":{"@id":"https:\/\/rbh-access.com\/integra32-approval\/#primaryimage"},"thumbnailUrl":"https:\/\/rbh-access.com\/wp-content\/uploads\/2021\/09\/integra32-approval-img.jpg","datePublished":"2021-09-21T14:47:07+00:00","dateModified":"2024-01-22T18:01:06+00:00","description":"The RBH Integra32 Approval Seal shows your aptitude for Integra32 software and hardware. Becoming RBH Integra32 Approved will help you gain professional recognition, differentiate you from competitors, and earn new business.","breadcrumb":{"@id":"https:\/\/rbh-access.com\/integra32-approval\/#breadcrumb"},"inLanguage":"es","potentialAction":[{"@type":"ReadAction","target":["https:\/\/rbh-access.com\/integra32-approval\/"]}]},{"@type":"ImageObject","inLanguage":"es","@id":"https:\/\/rbh-access.com\/integra32-approval\/#primaryimage","url":"https:\/\/rbh-access.com\/wp-content\/uploads\/2021\/09\/integra32-approval-img.jpg","contentUrl":"https:\/\/rbh-access.com\/wp-content\/uploads\/2021\/09\/integra32-approval-img.jpg","width":915,"height":870},{"@type":"BreadcrumbList","@id":"https:\/\/rbh-access.com\/integra32-approval\/#breadcrumb","itemListElement":[{"@type":"ListItem","position":1,"name":"Home","item":"https:\/\/rbh-access.com\/"},{"@type":"ListItem","position":2,"name":"Approved Reseller Program"}]},{"@type":"WebSite","@id":"https:\/\/rbh-access.com\/#website","url":"https:\/\/rbh-access.com\/","name":"RBH Access Technologies","description":"We Are Access Control","publisher":{"@id":"https:\/\/rbh-access.com\/#organization"},"potentialAction":[{"@type":"SearchAction","target":{"@type":"EntryPoint","urlTemplate":"https:\/\/rbh-access.com\/?s={search_term_string}"},"query-input":{"@type":"PropertyValueSpecification","valueRequired":true,"valueName":"search_term_string"}}],"inLanguage":"es"},{"@type":"Organization","@id":"https:\/\/rbh-access.com\/#organization","name":"RBH Access Technologies","url":"https:\/\/rbh-access.com\/","logo":{"@type":"ImageObject","inLanguage":"es","@id":"https:\/\/rbh-access.com\/#\/schema\/logo\/image\/","url":"https:\/\/rbh-access.com\/wp-content\/uploads\/2021\/03\/log2.png","contentUrl":"https:\/\/rbh-access.com\/wp-content\/uploads\/2021\/03\/log2.png","width":192,"height":82,"caption":"RBH Access Technologies"},"image":{"@id":"https:\/\/rbh-access.com\/#\/schema\/logo\/image\/"}}]}},"_links":{"self":[{"href":"https:\/\/rbh-access.com\/es\/wp-json\/wp\/v2\/pages\/5144","targetHints":{"allow":["GET"]}}],"collection":[{"href":"https:\/\/rbh-access.com\/es\/wp-json\/wp\/v2\/pages"}],"about":[{"href":"https:\/\/rbh-access.com\/es\/wp-json\/wp\/v2\/types\/page"}],"author":[{"embeddable":true,"href":"https:\/\/rbh-access.com\/es\/wp-json\/wp\/v2\/users\/1"}],"replies":[{"embeddable":true,"href":"https:\/\/rbh-access.com\/es\/wp-json\/wp\/v2\/comments?post=5144"}],"version-history":[{"count":12,"href":"https:\/\/rbh-access.com\/es\/wp-json\/wp\/v2\/pages\/5144\/revisions"}],"predecessor-version":[{"id":8083,"href":"https:\/\/rbh-access.com\/es\/wp-json\/wp\/v2\/pages\/5144\/revisions\/8083"}],"wp:featuredmedia":[{"embeddable":true,"href":"https:\/\/rbh-access.com\/es\/wp-json\/wp\/v2\/media\/5145"}],"wp:attachment":[{"href":"https:\/\/rbh-access.com\/es\/wp-json\/wp\/v2\/media?parent=5144"}],"curies":[{"name":"wp","href":"https:\/\/api.w.org\/{rel}","templated":true}]}}