{"id":9232,"date":"2024-08-28T12:27:03","date_gmt":"2024-08-28T17:27:03","guid":{"rendered":"https:\/\/rbh-access.com\/?page_id=9232"},"modified":"2024-08-28T12:27:05","modified_gmt":"2024-08-28T17:27:05","slug":"cookie-policy","status":"publish","type":"page","link":"https:\/\/rbh-access.com\/es\/cookie-policy\/","title":{"rendered":"Pol\u00edtica de cookies"},"content":{"rendered":"<div class=\"cli_pg_page_container\">\n<h3>Sobre esta pol\u00edtica de cookies<\/h3>\n<div>Esta Pol\u00edtica de cookies explica qu\u00e9 son las cookies y c\u00f3mo las usamos, los tipos de cookies que usamos, es decir, la informaci\u00f3n que recopilamos mediante cookies y c\u00f3mo se usa esa informaci\u00f3n, y c\u00f3mo controlar las preferencias de cookies. Para obtener m\u00e1s informaci\u00f3n sobre c\u00f3mo usamos, almacenamos y mantenemos seguros sus datos personales, consulte nuestra Pol\u00edtica de privacidad. Puede cambiar o retirar su consentimiento en cualquier momento desde la Declaraci\u00f3n de cookies en nuestro sitio web.<br \/>\nObtenga m\u00e1s informaci\u00f3n sobre qui\u00e9nes somos, c\u00f3mo puede contactarnos y c\u00f3mo procesamos los datos personales en nuestra Pol\u00edtica de privacidad.<br \/>\nSu consentimiento se aplica a los siguientes dominios: rbh-access.com<br \/>\n<div class=\"cli_user_consent_state\">Tu estado actual: No se ha dado ning\u00fan consentimiento. <a class=\"cli_manage_current_consent\" style=\"cursor:pointer;text-decoration:underline;\">Gestiona tu consentimiento.<\/a> <\/div>\n<\/div>\n<h3>\u00bfQu\u00e9 son las cookies?<\/h3>\n<div>Las cookies son peque\u00f1os archivos de texto que se utilizan para almacenar peque\u00f1os fragmentos de informaci\u00f3n. Se almacenan en su dispositivo cuando se carga el sitio web en su navegador. Estas cookies nos ayudan a hacer que el sitio web funcione correctamente, hacerlo m\u00e1s seguro, brindar una mejor experiencia de usuario y comprender c\u00f3mo funciona el sitio web y analizar qu\u00e9 funciona y d\u00f3nde necesita mejorar.<\/div>\n<h3>\u00bfC\u00f3mo utilizamos las cookies?<\/h3>\n<div>Como la mayor\u00eda de los servicios en l\u00ednea, nuestro sitio web utiliza cookies propias y de terceros para varios prop\u00f3sitos. Las cookies propias son principalmente necesarias para que el sitio web funcione correctamente y no recopilan ning\u00fan dato personal identificable. Las cookies de terceros que se utilizan en nuestro sitio web sirven principalmente para comprender c\u00f3mo funciona el sitio web, c\u00f3mo interact\u00faa con nuestro sitio web, mantener nuestros servicios seguros, proporcionar anuncios que sean relevantes para usted y, en general, brindarle una mejor y mejorada experiencia de usuario y ayudar a acelerar sus futuras interacciones con nuestro sitio web.<\/p>\n<\/div>\n<h3>\u00bfQu\u00e9 tipos de cookies utilizamos?<\/h3>\n<div>Esencial: algunas cookies son esenciales para que puedas experimentar la funcionalidad completa de nuestro sitio. Nos permiten mantener las sesiones de los usuarios y evitar cualquier amenaza de seguridad. No recopilan ni almacenan ninguna informaci\u00f3n personal. Por ejemplo, estas cookies te permiten iniciar sesi\u00f3n en tu cuenta y agregar productos a tu carrito, y realizar el pago de forma segura. Estad\u00edsticas: estas cookies almacenan informaci\u00f3n como el n\u00famero de visitantes del sitio web, el n\u00famero de visitantes \u00fanicos, qu\u00e9 p\u00e1ginas del sitio web se han visitado, la fuente de la visita, etc. Estos datos nos ayudan a comprender y analizar qu\u00e9 tan bien funciona el sitio web y d\u00f3nde necesita mejorar.<\/p>\n<p>Marketing: Nuestro sitio web muestra anuncios. Estas cookies se utilizan para personalizar los anuncios que le mostramos para que sean significativos para usted. Estas cookies tambi\u00e9n nos ayudan a realizar un seguimiento de la eficacia de estas campa\u00f1as publicitarias.<br \/>\nLa informaci\u00f3n almacenada en estas cookies tambi\u00e9n puede ser utilizada por proveedores de publicidad de terceros para mostrarle anuncios en otros sitios web en el navegador.<\/p>\n<p>Funcional: Son las cookies que ayudan a determinadas funcionalidades no esenciales de nuestro sitio web. Estas funcionalidades incluyen la incorporaci\u00f3n de contenido como v\u00eddeos o la compartici\u00f3n de contenido del sitio web en plataformas de redes sociales.<\/p>\n<p>Preferencias: Estas cookies nos ayudan a almacenar su configuraci\u00f3n y preferencias de navegaci\u00f3n, como las preferencias de idioma, para que tenga una experiencia mejor y eficiente en futuras visitas al sitio web.<br \/>\n<p>La siguiente lista detalla las cookies utilizadas en nuestro sitio web.<\/p><table class=\"cookielawinfo-row-cat-table cookielawinfo-classic\"><thead><tr><th class=\"cookielawinfo-column-1\">Galleta<\/th><th class=\"cookielawinfo-column-4\">Descripci\u00f3n<\/th><\/tr><\/thead><tbody><tr class=\"cookielawinfo-row\"><td class=\"cookielawinfo-column-1\">_GRCAPTCHA<\/td><td class=\"cookielawinfo-column-4\">El servicio recaptcha de Google configura esta cookie para identificar bots y proteger el sitio web contra ataques de spam maliciosos.<\/td><\/tr><tr class=\"cookielawinfo-row\"><td class=\"cookielawinfo-column-1\">CONSENTIMIENTO<\/td><td class=\"cookielawinfo-column-4\">YouTube establece esta cookie a trav\u00e9s de videos de YouTube incrustados y registra datos estad\u00edsticos an\u00f3nimos.<\/td><\/tr><tr class=\"cookielawinfo-row\"><td class=\"cookielawinfo-column-1\">cookielawinfo-checkbox-advertisement<\/td><td class=\"cookielawinfo-column-4\">Establecida por el complemento de consentimiento de cookies de GDPR, esta cookie se utiliza para registrar el consentimiento del usuario para las cookies en la categor\u00eda &quot;Publicidad&quot;.<\/td><\/tr><tr class=\"cookielawinfo-row\"><td class=\"cookielawinfo-column-1\">cookielawinfo-checkbox-analytics<\/td><td class=\"cookielawinfo-column-4\">Esta cookie est\u00e1 configurada por el complemento de consentimiento de cookies de GDPR. La cookie se utiliza para almacenar el consentimiento del usuario para las cookies en la categor\u00eda &quot;An\u00e1lisis&quot;.<\/td><\/tr><tr class=\"cookielawinfo-row\"><td class=\"cookielawinfo-column-1\">cookielawinfo-checkbox-funcional<\/td><td class=\"cookielawinfo-column-4\">La cookie est\u00e1 configurada por el consentimiento de cookies de GDPR para registrar el consentimiento del usuario para las cookies en la categor\u00eda &quot;Funcional&quot;.<\/td><\/tr><tr class=\"cookielawinfo-row\"><td class=\"cookielawinfo-column-1\">cookielawinfo-checkbox-necesario<\/td><td class=\"cookielawinfo-column-4\">Esta cookie est\u00e1 configurada por el complemento de consentimiento de cookies de GDPR. Las cookies se utilizan para almacenar el consentimiento del usuario para las cookies en la categor\u00eda &quot;Necesario&quot;.<\/td><\/tr><tr class=\"cookielawinfo-row\"><td class=\"cookielawinfo-column-1\">cookielawinfo-checkbox-otros<\/td><td class=\"cookielawinfo-column-4\">Esta cookie est\u00e1 configurada por el complemento de consentimiento de cookies de GDPR. La cookie se utiliza para almacenar el consentimiento del usuario para las cookies en la categor\u00eda &quot;Otro.<\/td><\/tr><tr class=\"cookielawinfo-row\"><td class=\"cookielawinfo-column-1\">cookielawinfo-checkbox-rendimiento<\/td><td class=\"cookielawinfo-column-4\">Esta cookie est\u00e1 configurada por el complemento de consentimiento de cookies de GDPR. La cookie se utiliza para almacenar el consentimiento del usuario para las cookies en la categor\u00eda &quot;Rendimiento&quot;.<\/td><\/tr><tr class=\"cookielawinfo-row\"><td class=\"cookielawinfo-column-1\">CookieLeyInfoConsentimiento<\/td><td class=\"cookielawinfo-column-4\">Registra el estado del bot\u00f3n predeterminado de la categor\u00eda correspondiente y el estado de CCPA. Funciona solo en coordinaci\u00f3n con la cookie principal.<\/td><\/tr><tr class=\"cookielawinfo-row\"><td class=\"cookielawinfo-column-1\">elementor<\/td><td class=\"cookielawinfo-column-4\">Esta cookie es utilizada por el tema de WordPress del sitio web. Permite al propietario del sitio web implementar o cambiar el contenido del sitio web en tiempo real.<\/td><\/tr><tr class=\"cookielawinfo-row\"><td class=\"cookielawinfo-column-1\">yo<\/td><td class=\"cookielawinfo-column-4\">OnWebChat configura esta cookie para mantener la sesi\u00f3n de socket.io.<\/td><\/tr><tr class=\"cookielawinfo-row\"><td class=\"cookielawinfo-column-1\">onwbchtbloqueado<\/td><td class=\"cookielawinfo-column-4\">OnWebChat establece esta cookie para proporcionar funciones a trav\u00e9s de las p\u00e1ginas.<\/td><\/tr><tr class=\"cookielawinfo-row\"><td class=\"cookielawinfo-column-1\">onwbchtexpress.sid<\/td><td class=\"cookielawinfo-column-4\">OnWebChat establece esta cookie como un identificador para la sesi\u00f3n actual de onWebChat.<\/td><\/tr><tr class=\"cookielawinfo-row\"><td class=\"cookielawinfo-column-1\">onwbchtsessionrandom<\/td><td class=\"cookielawinfo-column-4\">OnWebChat configura esta cookie como un n\u00famero aleatorio utilizado para identificar a los visitantes.<\/td><\/tr><tr class=\"cookielawinfo-row\"><td class=\"cookielawinfo-column-1\">onwbchtSound<\/td><td class=\"cookielawinfo-column-4\">OnWebChat configura esta cookie para almacenar la preferencia de &#039;sonido activado\/desactivado&#039; del visitante.<\/td><\/tr><tr class=\"cookielawinfo-row\"><td class=\"cookielawinfo-column-1\">onwbchttimesVisitado<\/td><td class=\"cookielawinfo-column-4\">OnWebChat establece esta cookie para almacenar el n\u00famero de visitas.<\/td><\/tr><tr class=\"cookielawinfo-row\"><td class=\"cookielawinfo-column-1\">visto_pol\u00edtica_de_cookies<\/td><td class=\"cookielawinfo-column-4\">La cookie est\u00e1 configurada por el complemento de consentimiento de cookies de GDPR y se utiliza para almacenar si el usuario ha dado su consentimiento o no para el uso de cookies. No almacena ning\u00fan dato personal.<\/td><\/tr><tr class=\"cookielawinfo-row\"><td class=\"cookielawinfo-column-1\">VISITOR_INFO1_EN VIVO<\/td><td class=\"cookielawinfo-column-4\">Una cookie configurada por YouTube para medir el ancho de banda que determina si el usuario obtiene la interfaz de reproductor nueva o antigua.<\/td><\/tr><tr class=\"cookielawinfo-row\"><td class=\"cookielawinfo-column-1\">YSC<\/td><td class=\"cookielawinfo-column-4\">Youtube configura la cookie YSC y se utiliza para rastrear las vistas de videos incrustados en las p\u00e1ginas de Youtube.<\/td><\/tr><tr class=\"cookielawinfo-row\"><td class=\"cookielawinfo-column-1\">yt-dispositivos-remotos-conectados<\/td><td class=\"cookielawinfo-column-4\">YouTube configura esta cookie para almacenar las preferencias de video del usuario que utiliza videos de YouTube incrustados.<\/td><\/tr><tr class=\"cookielawinfo-row\"><td class=\"cookielawinfo-column-1\">Yt-remote-device-id<\/td><td class=\"cookielawinfo-column-4\">YouTube configura esta cookie para almacenar las preferencias de video del usuario que utiliza videos de YouTube incrustados.<\/td><\/tr><\/tbody><\/table>\n<\/div>\n<h3>\u00bfC\u00f3mo puedo controlar las preferencias de cookies?<\/h3>\n<div>Si decide cambiar sus preferencias m\u00e1s adelante durante su sesi\u00f3n de navegaci\u00f3n, puede hacer clic en la pesta\u00f1a &quot;Gestionar consentimiento&quot; en su pantalla. Esto mostrar\u00e1 nuevamente el aviso de consentimiento que le permitir\u00e1 cambiar sus preferencias o retirar su consentimiento por completo. Adem\u00e1s de esto, los diferentes navegadores proporcionan diferentes m\u00e9todos para bloquear y eliminar las cookies utilizadas por los sitios web. Puede cambiar la configuraci\u00f3n de su navegador para bloquear\/eliminar las cookies. Para obtener m\u00e1s informaci\u00f3n sobre c\u00f3mo administrar y eliminar las cookies, visite wikipedia.org, www.allaboutcookies.org.<\/p>\n<\/div>\n<\/div>","protected":false},"excerpt":{"rendered":"<p>Acerca de esta pol\u00edtica de cookies Esta Pol\u00edtica de cookies explica qu\u00e9 son las cookies y c\u00f3mo las usamos, los tipos de cookies que usamos, es decir, la informaci\u00f3n que recopilamos mediante cookies y c\u00f3mo se usa esa informaci\u00f3n, y c\u00f3mo controlar las preferencias de cookies. Para obtener m\u00e1s informaci\u00f3n sobre c\u00f3mo usamos, almacenamos y conservamos sus datos personales [\u2026]<\/p>","protected":false},"author":1,"featured_media":0,"parent":0,"menu_order":0,"comment_status":"closed","ping_status":"closed","template":"","meta":{"content-type":"","footnotes":""},"class_list":["post-9232","page","type-page","status-publish","hentry"],"yoast_head":"<!-- This site is optimized with the Yoast SEO plugin v27.2 - https:\/\/yoast.com\/product\/yoast-seo-wordpress\/ -->\n<title>Cookie Policy - RBH Access Technologies<\/title>\n<meta name=\"robots\" content=\"index, follow, max-snippet:-1, max-image-preview:large, max-video-preview:-1\" \/>\n<link rel=\"canonical\" href=\"https:\/\/rbh-access.com\/es\/cookie-policy\/\" \/>\n<meta property=\"og:locale\" content=\"es_MX\" \/>\n<meta property=\"og:type\" content=\"article\" \/>\n<meta property=\"og:title\" content=\"Cookie Policy - RBH Access Technologies\" \/>\n<meta property=\"og:description\" content=\"About this cookie policy This Cookie Policy explains what cookies are and how we use them, the types of cookies we use i.e, the information we collect using cookies and how that information is used, and how to control the cookie preferences. For further information on how we use, store, and keep your personal data [&hellip;]\" \/>\n<meta property=\"og:url\" content=\"https:\/\/rbh-access.com\/es\/cookie-policy\/\" \/>\n<meta property=\"og:site_name\" content=\"RBH Access Technologies\" \/>\n<meta property=\"article:modified_time\" content=\"2024-08-28T17:27:05+00:00\" \/>\n<meta name=\"twitter:card\" content=\"summary_large_image\" \/>\n<meta name=\"twitter:label1\" content=\"Tiempo de lectura\" \/>\n\t<meta name=\"twitter:data1\" content=\"3 minutos\" \/>\n<script type=\"application\/ld+json\" class=\"yoast-schema-graph\">{\"@context\":\"https:\/\/schema.org\",\"@graph\":[{\"@type\":\"WebPage\",\"@id\":\"https:\/\/rbh-access.com\/cookie-policy\/\",\"url\":\"https:\/\/rbh-access.com\/cookie-policy\/\",\"name\":\"Cookie Policy - RBH Access Technologies\",\"isPartOf\":{\"@id\":\"https:\/\/rbh-access.com\/#website\"},\"datePublished\":\"2024-08-28T17:27:03+00:00\",\"dateModified\":\"2024-08-28T17:27:05+00:00\",\"breadcrumb\":{\"@id\":\"https:\/\/rbh-access.com\/cookie-policy\/#breadcrumb\"},\"inLanguage\":\"es\",\"potentialAction\":[{\"@type\":\"ReadAction\",\"target\":[\"https:\/\/rbh-access.com\/cookie-policy\/\"]}]},{\"@type\":\"BreadcrumbList\",\"@id\":\"https:\/\/rbh-access.com\/cookie-policy\/#breadcrumb\",\"itemListElement\":[{\"@type\":\"ListItem\",\"position\":1,\"name\":\"Home\",\"item\":\"https:\/\/rbh-access.com\/\"},{\"@type\":\"ListItem\",\"position\":2,\"name\":\"Cookie Policy\"}]},{\"@type\":\"WebSite\",\"@id\":\"https:\/\/rbh-access.com\/#website\",\"url\":\"https:\/\/rbh-access.com\/\",\"name\":\"RBH Access Technologies\",\"description\":\"We Are Access Control\",\"publisher\":{\"@id\":\"https:\/\/rbh-access.com\/#organization\"},\"potentialAction\":[{\"@type\":\"SearchAction\",\"target\":{\"@type\":\"EntryPoint\",\"urlTemplate\":\"https:\/\/rbh-access.com\/?s={search_term_string}\"},\"query-input\":{\"@type\":\"PropertyValueSpecification\",\"valueRequired\":true,\"valueName\":\"search_term_string\"}}],\"inLanguage\":\"es\"},{\"@type\":\"Organization\",\"@id\":\"https:\/\/rbh-access.com\/#organization\",\"name\":\"RBH Access Technologies\",\"url\":\"https:\/\/rbh-access.com\/\",\"logo\":{\"@type\":\"ImageObject\",\"inLanguage\":\"es\",\"@id\":\"https:\/\/rbh-access.com\/#\/schema\/logo\/image\/\",\"url\":\"https:\/\/rbh-access.com\/wp-content\/uploads\/2021\/03\/log2.png\",\"contentUrl\":\"https:\/\/rbh-access.com\/wp-content\/uploads\/2021\/03\/log2.png\",\"width\":192,\"height\":82,\"caption\":\"RBH Access Technologies\"},\"image\":{\"@id\":\"https:\/\/rbh-access.com\/#\/schema\/logo\/image\/\"}}]}<\/script>\n<!-- \/ Yoast SEO plugin. -->","yoast_head_json":{"title":"Cookie Policy - RBH Access Technologies","robots":{"index":"index","follow":"follow","max-snippet":"max-snippet:-1","max-image-preview":"max-image-preview:large","max-video-preview":"max-video-preview:-1"},"canonical":"https:\/\/rbh-access.com\/es\/cookie-policy\/","og_locale":"es_MX","og_type":"article","og_title":"Cookie Policy - RBH Access Technologies","og_description":"About this cookie policy This Cookie Policy explains what cookies are and how we use them, the types of cookies we use i.e, the information we collect using cookies and how that information is used, and how to control the cookie preferences. For further information on how we use, store, and keep your personal data [&hellip;]","og_url":"https:\/\/rbh-access.com\/es\/cookie-policy\/","og_site_name":"RBH Access Technologies","article_modified_time":"2024-08-28T17:27:05+00:00","twitter_card":"summary_large_image","twitter_misc":{"Tiempo de lectura":"3 minutos"},"schema":{"@context":"https:\/\/schema.org","@graph":[{"@type":"WebPage","@id":"https:\/\/rbh-access.com\/cookie-policy\/","url":"https:\/\/rbh-access.com\/cookie-policy\/","name":"Cookie Policy - RBH Access Technologies","isPartOf":{"@id":"https:\/\/rbh-access.com\/#website"},"datePublished":"2024-08-28T17:27:03+00:00","dateModified":"2024-08-28T17:27:05+00:00","breadcrumb":{"@id":"https:\/\/rbh-access.com\/cookie-policy\/#breadcrumb"},"inLanguage":"es","potentialAction":[{"@type":"ReadAction","target":["https:\/\/rbh-access.com\/cookie-policy\/"]}]},{"@type":"BreadcrumbList","@id":"https:\/\/rbh-access.com\/cookie-policy\/#breadcrumb","itemListElement":[{"@type":"ListItem","position":1,"name":"Home","item":"https:\/\/rbh-access.com\/"},{"@type":"ListItem","position":2,"name":"Cookie Policy"}]},{"@type":"WebSite","@id":"https:\/\/rbh-access.com\/#website","url":"https:\/\/rbh-access.com\/","name":"RBH Access Technologies","description":"We Are Access Control","publisher":{"@id":"https:\/\/rbh-access.com\/#organization"},"potentialAction":[{"@type":"SearchAction","target":{"@type":"EntryPoint","urlTemplate":"https:\/\/rbh-access.com\/?s={search_term_string}"},"query-input":{"@type":"PropertyValueSpecification","valueRequired":true,"valueName":"search_term_string"}}],"inLanguage":"es"},{"@type":"Organization","@id":"https:\/\/rbh-access.com\/#organization","name":"RBH Access Technologies","url":"https:\/\/rbh-access.com\/","logo":{"@type":"ImageObject","inLanguage":"es","@id":"https:\/\/rbh-access.com\/#\/schema\/logo\/image\/","url":"https:\/\/rbh-access.com\/wp-content\/uploads\/2021\/03\/log2.png","contentUrl":"https:\/\/rbh-access.com\/wp-content\/uploads\/2021\/03\/log2.png","width":192,"height":82,"caption":"RBH Access Technologies"},"image":{"@id":"https:\/\/rbh-access.com\/#\/schema\/logo\/image\/"}}]}},"_links":{"self":[{"href":"https:\/\/rbh-access.com\/es\/wp-json\/wp\/v2\/pages\/9232","targetHints":{"allow":["GET"]}}],"collection":[{"href":"https:\/\/rbh-access.com\/es\/wp-json\/wp\/v2\/pages"}],"about":[{"href":"https:\/\/rbh-access.com\/es\/wp-json\/wp\/v2\/types\/page"}],"author":[{"embeddable":true,"href":"https:\/\/rbh-access.com\/es\/wp-json\/wp\/v2\/users\/1"}],"replies":[{"embeddable":true,"href":"https:\/\/rbh-access.com\/es\/wp-json\/wp\/v2\/comments?post=9232"}],"version-history":[{"count":2,"href":"https:\/\/rbh-access.com\/es\/wp-json\/wp\/v2\/pages\/9232\/revisions"}],"predecessor-version":[{"id":9234,"href":"https:\/\/rbh-access.com\/es\/wp-json\/wp\/v2\/pages\/9232\/revisions\/9234"}],"wp:attachment":[{"href":"https:\/\/rbh-access.com\/es\/wp-json\/wp\/v2\/media?parent=9232"}],"curies":[{"name":"wp","href":"https:\/\/api.w.org\/{rel}","templated":true}]}}