{"id":5144,"date":"2021-09-21T09:47:07","date_gmt":"2021-09-21T14:47:07","guid":{"rendered":"https:\/\/rbh-access.com\/?page_id=5144"},"modified":"2024-01-22T13:01:06","modified_gmt":"2024-01-22T18:01:06","slug":"integra32-approval","status":"publish","type":"page","link":"https:\/\/rbh-access.com\/fr\/integra32-approval\/","title":{"rendered":"Programme de revendeurs agr\u00e9\u00e9s"},"content":{"rendered":"<div data-elementor-type=\"wp-page\" data-elementor-id=\"5144\" class=\"elementor elementor-5144\" data-elementor-settings=\"{&quot;element_pack_global_tooltip_width&quot;:{&quot;unit&quot;:&quot;px&quot;,&quot;size&quot;:&quot;&quot;,&quot;sizes&quot;:[]},&quot;element_pack_global_tooltip_width_tablet&quot;:{&quot;unit&quot;:&quot;px&quot;,&quot;size&quot;:&quot;&quot;,&quot;sizes&quot;:[]},&quot;element_pack_global_tooltip_width_mobile&quot;:{&quot;unit&quot;:&quot;px&quot;,&quot;size&quot;:&quot;&quot;,&quot;sizes&quot;:[]},&quot;element_pack_global_tooltip_padding&quot;:{&quot;unit&quot;:&quot;px&quot;,&quot;top&quot;:&quot;&quot;,&quot;right&quot;:&quot;&quot;,&quot;bottom&quot;:&quot;&quot;,&quot;left&quot;:&quot;&quot;,&quot;isLinked&quot;:true},&quot;element_pack_global_tooltip_padding_tablet&quot;:{&quot;unit&quot;:&quot;px&quot;,&quot;top&quot;:&quot;&quot;,&quot;right&quot;:&quot;&quot;,&quot;bottom&quot;:&quot;&quot;,&quot;left&quot;:&quot;&quot;,&quot;isLinked&quot;:true},&quot;element_pack_global_tooltip_padding_mobile&quot;:{&quot;unit&quot;:&quot;px&quot;,&quot;top&quot;:&quot;&quot;,&quot;right&quot;:&quot;&quot;,&quot;bottom&quot;:&quot;&quot;,&quot;left&quot;:&quot;&quot;,&quot;isLinked&quot;:true},&quot;element_pack_global_tooltip_border_radius&quot;:{&quot;unit&quot;:&quot;px&quot;,&quot;top&quot;:&quot;&quot;,&quot;right&quot;:&quot;&quot;,&quot;bottom&quot;:&quot;&quot;,&quot;left&quot;:&quot;&quot;,&quot;isLinked&quot;:true},&quot;element_pack_global_tooltip_border_radius_tablet&quot;:{&quot;unit&quot;:&quot;px&quot;,&quot;top&quot;:&quot;&quot;,&quot;right&quot;:&quot;&quot;,&quot;bottom&quot;:&quot;&quot;,&quot;left&quot;:&quot;&quot;,&quot;isLinked&quot;:true},&quot;element_pack_global_tooltip_border_radius_mobile&quot;:{&quot;unit&quot;:&quot;px&quot;,&quot;top&quot;:&quot;&quot;,&quot;right&quot;:&quot;&quot;,&quot;bottom&quot;:&quot;&quot;,&quot;left&quot;:&quot;&quot;,&quot;isLinked&quot;:true}}\" data-elementor-post-type=\"page\">\n\t\t\t\t\t\t<section class=\"elementor-section elementor-top-section elementor-element elementor-element-3dcda0be elementor-section-boxed elementor-section-height-default elementor-section-height-default\" data-id=\"3dcda0be\" data-element_type=\"section\" data-e-type=\"section\">\n\t\t\t\t\t\t<div class=\"elementor-container elementor-column-gap-default\">\n\t\t\t\t\t<div class=\"aux-parallax-section elementor-column elementor-col-50 elementor-top-column elementor-element elementor-element-4116bf6b aux-appear-watch-animation aux-fade-in-left\" data-id=\"4116bf6b\" data-element_type=\"column\" data-e-type=\"column\">\n\t\t\t<div class=\"elementor-widget-wrap elementor-element-populated\">\n\t\t\t\t\t\t<div class=\"elementor-element elementor-element-4c67ea71 elementor-widget elementor-widget-aux_image\" data-id=\"4c67ea71\" data-element_type=\"widget\" data-e-type=\"widget\" data-widget_type=\"aux_image.default\">\n\t\t\t\t<div class=\"elementor-widget-container\">\n\t\t\t\t\t<section class=\"widget-container aux-widget-image aux-alignnone aux-parent-au11bcd551\">\n    <div class=\"aux-media-hint-frame\">\n        <div class=\"aux-media-image\" >\n        \n            \n\n            \n            <img fetchpriority=\"high\" decoding=\"async\" width=\"915\" height=\"870\" src=\"https:\/\/rbh-access.com\/wp-content\/uploads\/2021\/09\/integra32-approval-img-915x870.jpg\" class=\"aux-attachment aux-featured-image aux-attachment-id-5145\" alt=\"integra32-approbation-img\" srcset=\"https:\/\/rbh-access.com\/wp-content\/uploads\/2021\/09\/integra32-approval-img-150x143.jpg 150w,https:\/\/rbh-access.com\/wp-content\/uploads\/2021\/09\/integra32-approval-img-300x285.jpg 300w,https:\/\/rbh-access.com\/wp-content\/uploads\/2021\/09\/integra32-approval-img-768x730.jpg 768w,https:\/\/rbh-access.com\/wp-content\/uploads\/2021\/09\/integra32-approval-img-915x870.jpg 915w\" data-ratio=\"1.05\" data-original-w=\"915\" sizes=\"(max-width:479px) 480px,(max-width:767px) 768px,(max-width:1023px) 1024px,915px\" \/>            \n                <\/div>\n    <\/div>\n\n<\/section><!-- widget-container -->\t\t\t\t<\/div>\n\t\t\t\t<\/div>\n\t\t\t\t\t<\/div>\n\t\t<\/div>\n\t\t\t\t<div class=\"aux-parallax-section aux-parallax-piece elementor-column elementor-col-50 elementor-top-column elementor-element elementor-element-361c6c25 aux-appear-watch-animation aux-fade-in-right\" data-parallax-origin=\"bottom\" data-parallax-depth=\"0.2\" data-parallax-off=\"1024\" data-id=\"361c6c25\" data-element_type=\"column\" data-e-type=\"column\">\n\t\t\t<div class=\"elementor-widget-wrap elementor-element-populated\">\n\t\t\t\t\t\t<section data-dce-background-color=\"#ffffff\" class=\"elementor-section elementor-inner-section elementor-element elementor-element-3dae68ba elementor-reverse-mobile elementor-section-boxed elementor-section-height-default elementor-section-height-default\" data-id=\"3dae68ba\" data-element_type=\"section\" data-e-type=\"section\" data-settings=\"{&quot;background_background&quot;:&quot;classic&quot;}\">\n\t\t\t\t\t\t<div class=\"elementor-container elementor-column-gap-default\">\n\t\t\t\t\t<div class=\"aux-parallax-section elementor-column elementor-col-100 elementor-inner-column elementor-element elementor-element-3cb699c\" data-id=\"3cb699c\" data-element_type=\"column\" data-e-type=\"column\">\n\t\t\t<div class=\"elementor-widget-wrap elementor-element-populated\">\n\t\t\t\t\t\t<div class=\"elementor-element elementor-element-c2f9aa3 elementor-widget elementor-widget-image\" data-id=\"c2f9aa3\" data-element_type=\"widget\" data-e-type=\"widget\" data-widget_type=\"image.default\">\n\t\t\t\t<div class=\"elementor-widget-container\">\n\t\t\t\t\t\t\t\t\t\t\t\t\t\t\t<img decoding=\"async\" width=\"500\" height=\"170\" src=\"https:\/\/rbh-access.com\/wp-content\/uploads\/2021\/03\/software-integra.png\" class=\"attachment-full size-full wp-image-743\" alt=\"\" \/>\t\t\t\t\t\t\t\t\t\t\t\t\t\t\t<\/div>\n\t\t\t\t<\/div>\n\t\t\t\t<div data-dce-title-color=\"#014B8F\" class=\"elementor-element elementor-element-79aa3f1 elementor-widget elementor-widget-aux_modern_heading\" data-id=\"79aa3f1\" data-element_type=\"widget\" data-e-type=\"widget\" data-widget_type=\"aux_modern_heading.default\">\n\t\t\t\t<div class=\"elementor-widget-container\">\n\t\t\t\t\t<section class=\"aux-widget-modern-heading\">\n            <div class=\"aux-widget-inner\"><div class=\"aux-modern-heading-divider\"><\/div><h3 class=\"aux-modern-heading-primary\">Programme de revendeurs agr\u00e9\u00e9s<\/h3><\/div>\n        <\/section>\t\t\t\t<\/div>\n\t\t\t\t<\/div>\n\t\t\t\t<div class=\"elementor-element elementor-element-1940f6fa aux-appear-watch-animation aux-fade-in-up elementor-widget elementor-widget-aux_modern_heading\" data-id=\"1940f6fa\" data-element_type=\"widget\" data-e-type=\"widget\" data-widget_type=\"aux_modern_heading.default\">\n\t\t\t\t<div class=\"elementor-widget-container\">\n\t\t\t\t\t<section class=\"aux-widget-modern-heading\">\n            <div class=\"aux-widget-inner\"><h2 class=\"aux-modern-heading-primary\"><\/h2><div class=\"aux-modern-heading-description\"><h4><strong>Pourquoi devriez-vous devenir Integra32 Approved ?<\/strong><\/h4><p>Le sceau d&#039;approbation RBH Integra32 montre votre aptitude pour le logiciel et le mat\u00e9riel Integra32. Devenir RBH Integra32 Approved vous aidera \u00e0 obtenir une reconnaissance professionnelle, \u00e0 vous diff\u00e9rencier de vos concurrents et \u00e0 gagner de nouvelles affaires. Une fois termin\u00e9, vous recevrez des logos officiels que vous pourrez utiliser sur vos supports marketing et votre site Web. Plus important encore, votre entreprise sera reconnue par RBH et sera en t\u00eate de file pour recevoir des prospects dans votre r\u00e9gion.<\/p><h4><strong>Comment devient-on Integra32 Approved ?<\/strong><\/h4><p>Devenir approuv\u00e9 est un processus simple impliquant un examen du syst\u00e8me Integra32 et de ses sp\u00e9cifications (voir le mat\u00e9riel d&#039;\u00e9tude ci-dessous), suivi d&#039;un quiz sur ce que vous avez \u00e9tudi\u00e9. Une fois que vous avez d\u00e9cid\u00e9 d&#039;aller de l&#039;avant avec le processus d&#039;approbation, examinez le mat\u00e9riel d&#039;\u00e9tude, cliquez sur le bouton \u00ab R\u00e9pondre au quiz \u00bb ci-dessous et suivez les instructions.<\/p><p><strong>REMARQUE\u00a0: Pour r\u00e9pondre au quiz, vous devez \u00eatre un utilisateur enregistr\u00e9 du site officiel RBH Access.<\/strong><\/p><h4><strong>Mat\u00e9riel d&#039;\u00e9tudes<\/strong><\/h4><ul><li><a href=\"https:\/\/rbh-access.com\/downloads\/RBHIntegra32Catalog.pdf\" target=\"_blank\" rel=\"noopener\">Catalogue Integra32<\/a><\/li><li><a href=\"https:\/\/rbh-access.com\/fr\/support\/integra32\/#manuals\">Notes et manuels Integra32<\/a><\/li><li><a href=\"https:\/\/rbh-access.com\/fr\/support\/integra32\/#documents\">Documents d&#039;installation d&#039;Integra32<\/a><\/li><li><a href=\"https:\/\/rbh-access.com\/fr\/support\/integra32\/#videos\">Vid\u00e9os d&#039;installation et d&#039;utilisation d&#039;Integra32<\/a><\/li><\/ul><h4><strong>Y a-t-il un co\u00fbt associ\u00e9 \u00e0 l&#039;approbation Integra32\u00a0?<\/strong><\/h4><p>Il n&#039;y a aucun co\u00fbt associ\u00e9 pour devenir Integra32 Approved.<\/p><h4><strong>Quelle est la dur\u00e9e du quiz d&#039;approbation Integra32\u00a0?<\/strong><\/h4><p>Le quiz d\u2019approbation Integra32 comporte 100 questions. Toutes les r\u00e9ponses sont \u00e0 choix multiples. Le temps imparti pour r\u00e9pondre au quiz est de 48 heures.<\/p><\/div><\/div>\n        <\/section>\t\t\t\t<\/div>\n\t\t\t\t<\/div>\n\t\t\t\t<div class=\"elementor-element elementor-element-dd3816b elementor-widget elementor-widget-spacer\" data-id=\"dd3816b\" data-element_type=\"widget\" data-e-type=\"widget\" data-widget_type=\"spacer.default\">\n\t\t\t\t<div class=\"elementor-widget-container\">\n\t\t\t\t\t\t\t<div class=\"elementor-spacer\">\n\t\t\t<div class=\"elementor-spacer-inner\"><\/div>\n\t\t<\/div>\n\t\t\t\t\t\t<\/div>\n\t\t\t\t<\/div>\n\t\t\t\t<div class=\"elementor-element elementor-element-d55b7de elementor-align-center elementor-widget elementor-widget-button\" data-id=\"d55b7de\" data-element_type=\"widget\" data-e-type=\"widget\" data-widget_type=\"button.default\">\n\t\t\t\t<div class=\"elementor-widget-container\">\n\t\t\t\t\t\t\t\t\t<div class=\"elementor-button-wrapper\">\n\t\t\t\t\t<a class=\"elementor-button elementor-button-link elementor-size-sm\" href=\"https:\/\/training.rbh-access.com\/integrator-approved-in-integra32\/\" target=\"_blank\">\n\t\t\t\t\t\t<span class=\"elementor-button-content-wrapper\">\n\t\t\t\t\t\t\t\t\t<span class=\"elementor-button-text\">Fais le quiz<\/span>\n\t\t\t\t\t<\/span>\n\t\t\t\t\t<\/a>\n\t\t\t\t<\/div>\n\t\t\t\t\t\t\t\t<\/div>\n\t\t\t\t<\/div>\n\t\t\t\t<div class=\"elementor-element elementor-element-2b0d871 elementor-align-center elementor-widget elementor-widget-button\" data-id=\"2b0d871\" data-element_type=\"widget\" data-e-type=\"widget\" data-no-translation=\"\" data-widget_type=\"button.default\">\n\t\t\t\t<div class=\"elementor-widget-container\">\n\t\t\t\t\t<style>.elementor-element-2b0d871{display:none !important}<\/style>\t\t\t\t<\/div>\n\t\t\t\t<\/div>\n\t\t\t\t\t<\/div>\n\t\t<\/div>\n\t\t\t\t\t<\/div>\n\t\t<\/section>\n\t\t\t\t\t<\/div>\n\t\t<\/div>\n\t\t\t\t\t<\/div>\n\t\t<\/section>\n\t\t\t\t<\/div>","protected":false},"excerpt":{"rendered":"<p>Programme de revendeur agr\u00e9\u00e9 Pourquoi devriez-vous devenir agr\u00e9\u00e9 Integra32\u00a0? Le sceau d&#039;approbation RBH Integra32 montre votre aptitude pour les logiciels et le mat\u00e9riel Integra32. Devenir RBH Integra32 Approved vous aidera \u00e0 obtenir une reconnaissance professionnelle, \u00e0 vous diff\u00e9rencier de vos concurrents et \u00e0 gagner de nouvelles affaires. Une fois termin\u00e9, vous recevrez des logos officiels que vous pourrez utiliser sur votre marketing [\u2026]<\/p>","protected":false},"author":1,"featured_media":5145,"parent":0,"menu_order":0,"comment_status":"closed","ping_status":"closed","template":"","meta":{"content-type":"","footnotes":""},"class_list":["post-5144","page","type-page","status-publish","has-post-thumbnail","hentry"],"yoast_head":"<!-- This site is optimized with the Yoast SEO plugin v27.2 - https:\/\/yoast.com\/product\/yoast-seo-wordpress\/ -->\n<title>Approved Reseller Program - RBH Access Technologies<\/title>\n<meta name=\"description\" content=\"The RBH Integra32 Approval Seal shows your aptitude for Integra32 software and hardware. Becoming RBH Integra32 Approved will help you gain professional recognition, differentiate you from competitors, and earn new business.\" \/>\n<meta name=\"robots\" content=\"index, follow, max-snippet:-1, max-image-preview:large, max-video-preview:-1\" \/>\n<link rel=\"canonical\" href=\"https:\/\/rbh-access.com\/fr\/integra32-approval\/\" \/>\n<meta property=\"og:locale\" content=\"fr_CA\" \/>\n<meta property=\"og:type\" content=\"article\" \/>\n<meta property=\"og:title\" content=\"Approved Reseller Program - RBH Access Technologies\" \/>\n<meta property=\"og:description\" content=\"The RBH Integra32 Approval Seal shows your aptitude for Integra32 software and hardware. Becoming RBH Integra32 Approved will help you gain professional recognition, differentiate you from competitors, and earn new business.\" \/>\n<meta property=\"og:url\" content=\"https:\/\/rbh-access.com\/fr\/integra32-approval\/\" \/>\n<meta property=\"og:site_name\" content=\"RBH Access Technologies\" \/>\n<meta property=\"article:modified_time\" content=\"2024-01-22T18:01:06+00:00\" \/>\n<meta property=\"og:image\" content=\"https:\/\/rbh-access.com\/wp-content\/uploads\/2021\/09\/integra32-approval-img.jpg\" \/>\n\t<meta property=\"og:image:width\" content=\"915\" \/>\n\t<meta property=\"og:image:height\" content=\"870\" \/>\n\t<meta property=\"og:image:type\" content=\"image\/jpeg\" \/>\n<meta name=\"twitter:card\" content=\"summary_large_image\" \/>\n<meta name=\"twitter:label1\" content=\"Estimation du temps de lecture\" \/>\n\t<meta name=\"twitter:data1\" content=\"2 minutes\" \/>\n<script type=\"application\/ld+json\" class=\"yoast-schema-graph\">{\"@context\":\"https:\/\/schema.org\",\"@graph\":[{\"@type\":\"WebPage\",\"@id\":\"https:\/\/rbh-access.com\/integra32-approval\/\",\"url\":\"https:\/\/rbh-access.com\/integra32-approval\/\",\"name\":\"Approved Reseller Program - RBH Access Technologies\",\"isPartOf\":{\"@id\":\"https:\/\/rbh-access.com\/#website\"},\"primaryImageOfPage\":{\"@id\":\"https:\/\/rbh-access.com\/integra32-approval\/#primaryimage\"},\"image\":{\"@id\":\"https:\/\/rbh-access.com\/integra32-approval\/#primaryimage\"},\"thumbnailUrl\":\"https:\/\/rbh-access.com\/wp-content\/uploads\/2021\/09\/integra32-approval-img.jpg\",\"datePublished\":\"2021-09-21T14:47:07+00:00\",\"dateModified\":\"2024-01-22T18:01:06+00:00\",\"description\":\"The RBH Integra32 Approval Seal shows your aptitude for Integra32 software and hardware. Becoming RBH Integra32 Approved will help you gain professional recognition, differentiate you from competitors, and earn new business.\",\"breadcrumb\":{\"@id\":\"https:\/\/rbh-access.com\/integra32-approval\/#breadcrumb\"},\"inLanguage\":\"fr-CA\",\"potentialAction\":[{\"@type\":\"ReadAction\",\"target\":[\"https:\/\/rbh-access.com\/integra32-approval\/\"]}]},{\"@type\":\"ImageObject\",\"inLanguage\":\"fr-CA\",\"@id\":\"https:\/\/rbh-access.com\/integra32-approval\/#primaryimage\",\"url\":\"https:\/\/rbh-access.com\/wp-content\/uploads\/2021\/09\/integra32-approval-img.jpg\",\"contentUrl\":\"https:\/\/rbh-access.com\/wp-content\/uploads\/2021\/09\/integra32-approval-img.jpg\",\"width\":915,\"height\":870},{\"@type\":\"BreadcrumbList\",\"@id\":\"https:\/\/rbh-access.com\/integra32-approval\/#breadcrumb\",\"itemListElement\":[{\"@type\":\"ListItem\",\"position\":1,\"name\":\"Home\",\"item\":\"https:\/\/rbh-access.com\/\"},{\"@type\":\"ListItem\",\"position\":2,\"name\":\"Approved Reseller Program\"}]},{\"@type\":\"WebSite\",\"@id\":\"https:\/\/rbh-access.com\/#website\",\"url\":\"https:\/\/rbh-access.com\/\",\"name\":\"RBH Access Technologies\",\"description\":\"We Are Access Control\",\"publisher\":{\"@id\":\"https:\/\/rbh-access.com\/#organization\"},\"potentialAction\":[{\"@type\":\"SearchAction\",\"target\":{\"@type\":\"EntryPoint\",\"urlTemplate\":\"https:\/\/rbh-access.com\/?s={search_term_string}\"},\"query-input\":{\"@type\":\"PropertyValueSpecification\",\"valueRequired\":true,\"valueName\":\"search_term_string\"}}],\"inLanguage\":\"fr-CA\"},{\"@type\":\"Organization\",\"@id\":\"https:\/\/rbh-access.com\/#organization\",\"name\":\"RBH Access Technologies\",\"url\":\"https:\/\/rbh-access.com\/\",\"logo\":{\"@type\":\"ImageObject\",\"inLanguage\":\"fr-CA\",\"@id\":\"https:\/\/rbh-access.com\/#\/schema\/logo\/image\/\",\"url\":\"https:\/\/rbh-access.com\/wp-content\/uploads\/2021\/03\/log2.png\",\"contentUrl\":\"https:\/\/rbh-access.com\/wp-content\/uploads\/2021\/03\/log2.png\",\"width\":192,\"height\":82,\"caption\":\"RBH Access Technologies\"},\"image\":{\"@id\":\"https:\/\/rbh-access.com\/#\/schema\/logo\/image\/\"}}]}<\/script>\n<!-- \/ Yoast SEO plugin. -->","yoast_head_json":{"title":"Approved Reseller Program - RBH Access Technologies","description":"The RBH Integra32 Approval Seal shows your aptitude for Integra32 software and hardware. Becoming RBH Integra32 Approved will help you gain professional recognition, differentiate you from competitors, and earn new business.","robots":{"index":"index","follow":"follow","max-snippet":"max-snippet:-1","max-image-preview":"max-image-preview:large","max-video-preview":"max-video-preview:-1"},"canonical":"https:\/\/rbh-access.com\/fr\/integra32-approval\/","og_locale":"fr_CA","og_type":"article","og_title":"Approved Reseller Program - RBH Access Technologies","og_description":"The RBH Integra32 Approval Seal shows your aptitude for Integra32 software and hardware. Becoming RBH Integra32 Approved will help you gain professional recognition, differentiate you from competitors, and earn new business.","og_url":"https:\/\/rbh-access.com\/fr\/integra32-approval\/","og_site_name":"RBH Access Technologies","article_modified_time":"2024-01-22T18:01:06+00:00","og_image":[{"width":915,"height":870,"url":"https:\/\/rbh-access.com\/wp-content\/uploads\/2021\/09\/integra32-approval-img.jpg","type":"image\/jpeg"}],"twitter_card":"summary_large_image","twitter_misc":{"Estimation du temps de lecture":"2 minutes"},"schema":{"@context":"https:\/\/schema.org","@graph":[{"@type":"WebPage","@id":"https:\/\/rbh-access.com\/integra32-approval\/","url":"https:\/\/rbh-access.com\/integra32-approval\/","name":"Approved Reseller Program - RBH Access Technologies","isPartOf":{"@id":"https:\/\/rbh-access.com\/#website"},"primaryImageOfPage":{"@id":"https:\/\/rbh-access.com\/integra32-approval\/#primaryimage"},"image":{"@id":"https:\/\/rbh-access.com\/integra32-approval\/#primaryimage"},"thumbnailUrl":"https:\/\/rbh-access.com\/wp-content\/uploads\/2021\/09\/integra32-approval-img.jpg","datePublished":"2021-09-21T14:47:07+00:00","dateModified":"2024-01-22T18:01:06+00:00","description":"The RBH Integra32 Approval Seal shows your aptitude for Integra32 software and hardware. Becoming RBH Integra32 Approved will help you gain professional recognition, differentiate you from competitors, and earn new business.","breadcrumb":{"@id":"https:\/\/rbh-access.com\/integra32-approval\/#breadcrumb"},"inLanguage":"fr-CA","potentialAction":[{"@type":"ReadAction","target":["https:\/\/rbh-access.com\/integra32-approval\/"]}]},{"@type":"ImageObject","inLanguage":"fr-CA","@id":"https:\/\/rbh-access.com\/integra32-approval\/#primaryimage","url":"https:\/\/rbh-access.com\/wp-content\/uploads\/2021\/09\/integra32-approval-img.jpg","contentUrl":"https:\/\/rbh-access.com\/wp-content\/uploads\/2021\/09\/integra32-approval-img.jpg","width":915,"height":870},{"@type":"BreadcrumbList","@id":"https:\/\/rbh-access.com\/integra32-approval\/#breadcrumb","itemListElement":[{"@type":"ListItem","position":1,"name":"Home","item":"https:\/\/rbh-access.com\/"},{"@type":"ListItem","position":2,"name":"Approved Reseller Program"}]},{"@type":"WebSite","@id":"https:\/\/rbh-access.com\/#website","url":"https:\/\/rbh-access.com\/","name":"RBH Access Technologies","description":"We Are Access Control","publisher":{"@id":"https:\/\/rbh-access.com\/#organization"},"potentialAction":[{"@type":"SearchAction","target":{"@type":"EntryPoint","urlTemplate":"https:\/\/rbh-access.com\/?s={search_term_string}"},"query-input":{"@type":"PropertyValueSpecification","valueRequired":true,"valueName":"search_term_string"}}],"inLanguage":"fr-CA"},{"@type":"Organization","@id":"https:\/\/rbh-access.com\/#organization","name":"RBH Access Technologies","url":"https:\/\/rbh-access.com\/","logo":{"@type":"ImageObject","inLanguage":"fr-CA","@id":"https:\/\/rbh-access.com\/#\/schema\/logo\/image\/","url":"https:\/\/rbh-access.com\/wp-content\/uploads\/2021\/03\/log2.png","contentUrl":"https:\/\/rbh-access.com\/wp-content\/uploads\/2021\/03\/log2.png","width":192,"height":82,"caption":"RBH Access Technologies"},"image":{"@id":"https:\/\/rbh-access.com\/#\/schema\/logo\/image\/"}}]}},"_links":{"self":[{"href":"https:\/\/rbh-access.com\/fr\/wp-json\/wp\/v2\/pages\/5144","targetHints":{"allow":["GET"]}}],"collection":[{"href":"https:\/\/rbh-access.com\/fr\/wp-json\/wp\/v2\/pages"}],"about":[{"href":"https:\/\/rbh-access.com\/fr\/wp-json\/wp\/v2\/types\/page"}],"author":[{"embeddable":true,"href":"https:\/\/rbh-access.com\/fr\/wp-json\/wp\/v2\/users\/1"}],"replies":[{"embeddable":true,"href":"https:\/\/rbh-access.com\/fr\/wp-json\/wp\/v2\/comments?post=5144"}],"version-history":[{"count":12,"href":"https:\/\/rbh-access.com\/fr\/wp-json\/wp\/v2\/pages\/5144\/revisions"}],"predecessor-version":[{"id":8083,"href":"https:\/\/rbh-access.com\/fr\/wp-json\/wp\/v2\/pages\/5144\/revisions\/8083"}],"wp:featuredmedia":[{"embeddable":true,"href":"https:\/\/rbh-access.com\/fr\/wp-json\/wp\/v2\/media\/5145"}],"wp:attachment":[{"href":"https:\/\/rbh-access.com\/fr\/wp-json\/wp\/v2\/media?parent=5144"}],"curies":[{"name":"wp","href":"https:\/\/api.w.org\/{rel}","templated":true}]}}