{"id":2691,"date":"2021-04-05T13:25:19","date_gmt":"2021-04-05T18:25:19","guid":{"rendered":"https:\/\/rbh-access.com\/?page_id=2691"},"modified":"2025-08-14T07:56:27","modified_gmt":"2025-08-14T12:56:27","slug":"certified","status":"publish","type":"page","link":"https:\/\/rbh-access.com\/pt\/certified\/","title":{"rendered":"CERTIFICADO"},"content":{"rendered":"<div data-elementor-type=\"wp-page\" data-elementor-id=\"2691\" class=\"elementor elementor-2691\" data-elementor-settings=\"{&quot;element_pack_global_tooltip_width&quot;:{&quot;unit&quot;:&quot;px&quot;,&quot;size&quot;:&quot;&quot;,&quot;sizes&quot;:[]},&quot;element_pack_global_tooltip_width_tablet&quot;:{&quot;unit&quot;:&quot;px&quot;,&quot;size&quot;:&quot;&quot;,&quot;sizes&quot;:[]},&quot;element_pack_global_tooltip_width_mobile&quot;:{&quot;unit&quot;:&quot;px&quot;,&quot;size&quot;:&quot;&quot;,&quot;sizes&quot;:[]},&quot;element_pack_global_tooltip_padding&quot;:{&quot;unit&quot;:&quot;px&quot;,&quot;top&quot;:&quot;&quot;,&quot;right&quot;:&quot;&quot;,&quot;bottom&quot;:&quot;&quot;,&quot;left&quot;:&quot;&quot;,&quot;isLinked&quot;:true},&quot;element_pack_global_tooltip_padding_tablet&quot;:{&quot;unit&quot;:&quot;px&quot;,&quot;top&quot;:&quot;&quot;,&quot;right&quot;:&quot;&quot;,&quot;bottom&quot;:&quot;&quot;,&quot;left&quot;:&quot;&quot;,&quot;isLinked&quot;:true},&quot;element_pack_global_tooltip_padding_mobile&quot;:{&quot;unit&quot;:&quot;px&quot;,&quot;top&quot;:&quot;&quot;,&quot;right&quot;:&quot;&quot;,&quot;bottom&quot;:&quot;&quot;,&quot;left&quot;:&quot;&quot;,&quot;isLinked&quot;:true},&quot;element_pack_global_tooltip_border_radius&quot;:{&quot;unit&quot;:&quot;px&quot;,&quot;top&quot;:&quot;&quot;,&quot;right&quot;:&quot;&quot;,&quot;bottom&quot;:&quot;&quot;,&quot;left&quot;:&quot;&quot;,&quot;isLinked&quot;:true},&quot;element_pack_global_tooltip_border_radius_tablet&quot;:{&quot;unit&quot;:&quot;px&quot;,&quot;top&quot;:&quot;&quot;,&quot;right&quot;:&quot;&quot;,&quot;bottom&quot;:&quot;&quot;,&quot;left&quot;:&quot;&quot;,&quot;isLinked&quot;:true},&quot;element_pack_global_tooltip_border_radius_mobile&quot;:{&quot;unit&quot;:&quot;px&quot;,&quot;top&quot;:&quot;&quot;,&quot;right&quot;:&quot;&quot;,&quot;bottom&quot;:&quot;&quot;,&quot;left&quot;:&quot;&quot;,&quot;isLinked&quot;:true}}\" data-elementor-post-type=\"page\">\n\t\t\t\t\t\t<section class=\"elementor-section elementor-top-section elementor-element elementor-element-3dcda0be elementor-section-boxed elementor-section-height-default elementor-section-height-default\" data-id=\"3dcda0be\" data-element_type=\"section\" data-e-type=\"section\">\n\t\t\t\t\t\t<div class=\"elementor-container elementor-column-gap-default\">\n\t\t\t\t\t<div class=\"aux-parallax-section elementor-column elementor-col-50 elementor-top-column elementor-element elementor-element-4116bf6b aux-appear-watch-animation aux-fade-in-left\" data-id=\"4116bf6b\" data-element_type=\"column\" data-e-type=\"column\">\n\t\t\t<div class=\"elementor-widget-wrap elementor-element-populated\">\n\t\t\t\t\t\t<div class=\"elementor-element elementor-element-4c67ea71 elementor-widget elementor-widget-aux_image\" data-id=\"4c67ea71\" data-element_type=\"widget\" data-e-type=\"widget\" data-widget_type=\"aux_image.default\">\n\t\t\t\t<div class=\"elementor-widget-container\">\n\t\t\t\t\t<section class=\"widget-container aux-widget-image aux-alignnone aux-parent-au2f5a620c\">\n    <div class=\"aux-media-hint-frame\">\n        <div class=\"aux-media-image\" >\n        \n            \n\n            \n            <img fetchpriority=\"high\" decoding=\"async\" width=\"915\" height=\"870\" src=\"https:\/\/rbh-access.com\/wp-content\/uploads\/2021\/03\/businesswoman-giving-presentation-while-using-PDV6BXH-915x870.jpg\" class=\"aux-attachment aux-featured-image aux-attachment-id-478\" alt=\"empres\u00e1ria-dando-apresenta\u00e7\u00e3o-enquanto-usa-PDV6BXH.jpg\" srcset=\"https:\/\/rbh-access.com\/wp-content\/uploads\/2021\/03\/businesswoman-giving-presentation-while-using-PDV6BXH-150x143.jpg 150w,https:\/\/rbh-access.com\/wp-content\/uploads\/2021\/03\/businesswoman-giving-presentation-while-using-PDV6BXH-300x285.jpg 300w,https:\/\/rbh-access.com\/wp-content\/uploads\/2021\/03\/businesswoman-giving-presentation-while-using-PDV6BXH-768x730.jpg 768w,https:\/\/rbh-access.com\/wp-content\/uploads\/2021\/03\/businesswoman-giving-presentation-while-using-PDV6BXH-1024x974.jpg 1024w,https:\/\/rbh-access.com\/wp-content\/uploads\/2021\/03\/businesswoman-giving-presentation-while-using-PDV6BXH-915x870.jpg 915w\" data-ratio=\"1.05\" data-original-w=\"1920\" sizes=\"(max-width:479px) 480px,(max-width:767px) 768px,(max-width:1023px) 1024px,915px\" \/>            \n                <\/div>\n    <\/div>\n\n<\/section><!-- widget-container -->\t\t\t\t<\/div>\n\t\t\t\t<\/div>\n\t\t\t\t\t<\/div>\n\t\t<\/div>\n\t\t\t\t<div class=\"aux-parallax-section aux-parallax-piece elementor-column elementor-col-50 elementor-top-column elementor-element elementor-element-361c6c25 aux-appear-watch-animation aux-fade-in-right\" data-parallax-origin=\"bottom\" data-parallax-depth=\"0.2\" data-parallax-off=\"1024\" data-id=\"361c6c25\" data-element_type=\"column\" data-e-type=\"column\">\n\t\t\t<div class=\"elementor-widget-wrap elementor-element-populated\">\n\t\t\t\t\t\t<section data-dce-background-color=\"#ffffff\" class=\"elementor-section elementor-inner-section elementor-element elementor-element-3dae68ba elementor-reverse-mobile elementor-section-boxed elementor-section-height-default elementor-section-height-default\" data-id=\"3dae68ba\" data-element_type=\"section\" data-e-type=\"section\" data-settings=\"{&quot;background_background&quot;:&quot;classic&quot;}\">\n\t\t\t\t\t\t<div class=\"elementor-container elementor-column-gap-default\">\n\t\t\t\t\t<div class=\"aux-parallax-section elementor-column elementor-col-100 elementor-inner-column elementor-element elementor-element-3cb699c\" data-id=\"3cb699c\" data-element_type=\"column\" data-e-type=\"column\">\n\t\t\t<div class=\"elementor-widget-wrap elementor-element-populated\">\n\t\t\t\t\t\t<div data-dce-title-color=\"#014B8F\" class=\"elementor-element elementor-element-79aa3f1 elementor-widget elementor-widget-aux_modern_heading\" data-id=\"79aa3f1\" data-element_type=\"widget\" data-e-type=\"widget\" data-widget_type=\"aux_modern_heading.default\">\n\t\t\t\t<div class=\"elementor-widget-container\">\n\t\t\t\t\t<section class=\"aux-widget-modern-heading\">\n            <div class=\"aux-widget-inner\"><div class=\"aux-modern-heading-divider\"><\/div><h3 class=\"aux-modern-heading-primary\">Certificado ISO 9001: 2015\n<\/h3><\/div>\n        <\/section>\t\t\t\t<\/div>\n\t\t\t\t<\/div>\n\t\t\t\t<div class=\"elementor-element elementor-element-1940f6fa aux-appear-watch-animation aux-fade-in-up elementor-widget elementor-widget-aux_modern_heading\" data-id=\"1940f6fa\" data-element_type=\"widget\" data-e-type=\"widget\" data-widget_type=\"aux_modern_heading.default\">\n\t\t\t\t<div class=\"elementor-widget-container\">\n\t\t\t\t\t<section class=\"aux-widget-modern-heading\">\n            <div class=\"aux-widget-inner\"><h2 class=\"aux-modern-heading-primary\"><\/h2><div class=\"aux-modern-heading-description\"><p><strong>A ISO 9001:2015 especifica os requisitos para um sistema de gest\u00e3o de qualidade onde uma organiza\u00e7\u00e3o:<\/strong><\/p><ul><li>Precisa demonstrar sua capacidade de fornecer consistentemente um produto que atenda aos requisitos legais e regulamentares aplic\u00e1veis do cliente<\/li><li>Visa aumentar a satisfa\u00e7\u00e3o do cliente atrav\u00e9s da aplica\u00e7\u00e3o eficaz do sistema, incluindo processos para a melhoria cont\u00ednua do sistema e a garantia de conformidade com os requisitos do cliente e os requisitos legais e regulamentares aplic\u00e1veis.<\/li><\/ul><\/div><\/div>\n        <\/section>\t\t\t\t<\/div>\n\t\t\t\t<\/div>\n\t\t\t\t<div class=\"elementor-element elementor-element-dd3816b elementor-widget elementor-widget-spacer\" data-id=\"dd3816b\" data-element_type=\"widget\" data-e-type=\"widget\" data-widget_type=\"spacer.default\">\n\t\t\t\t<div class=\"elementor-widget-container\">\n\t\t\t\t\t\t\t<div class=\"elementor-spacer\">\n\t\t\t<div class=\"elementor-spacer-inner\"><\/div>\n\t\t<\/div>\n\t\t\t\t\t\t<\/div>\n\t\t\t\t<\/div>\n\t\t\t\t<div class=\"elementor-element elementor-element-498eb93 elementor-align-center elementor-widget elementor-widget-button\" data-id=\"498eb93\" data-element_type=\"widget\" data-e-type=\"widget\" data-widget_type=\"button.default\">\n\t\t\t\t<div class=\"elementor-widget-container\">\n\t\t\t\t\t\t\t\t\t<div class=\"elementor-button-wrapper\">\n\t\t\t\t\t<a class=\"elementor-button elementor-button-link elementor-size-lg\" href=\"https:\/\/rbh-access.com\/downloads\/1802CAN 25-26.pdf\" target=\"_blank\">\n\t\t\t\t\t\t<span class=\"elementor-button-content-wrapper\">\n\t\t\t\t\t\t\t\t\t<span class=\"elementor-button-text\">VER CERTIFICADO ISO (ingl\u00eas)<\/span>\n\t\t\t\t\t<\/span>\n\t\t\t\t\t<\/a>\n\t\t\t\t<\/div>\n\t\t\t\t\t\t\t\t<\/div>\n\t\t\t\t<\/div>\n\t\t\t\t\t<\/div>\n\t\t<\/div>\n\t\t\t\t\t<\/div>\n\t\t<\/section>\n\t\t\t\t\t<\/div>\n\t\t<\/div>\n\t\t\t\t\t<\/div>\n\t\t<\/section>\n\t\t\t\t<\/div>","protected":false},"excerpt":{"rendered":"<p>Certifica\u00e7\u00e3o ISO 9001: 2015 A ISO 9001:2015 especifica requisitos para um sistema de gest\u00e3o da qualidade onde uma organiza\u00e7\u00e3o: Precisa demonstrar sua capacidade de fornecer consistentemente um produto que atenda aos requisitos do cliente e estatut\u00e1rios e regulamentares aplic\u00e1veis, e visa aumentar a satisfa\u00e7\u00e3o do cliente por meio da aplica\u00e7\u00e3o eficaz do sistema, incluindo processos para melhoria cont\u00ednua do [\u2026]<\/p>","protected":false},"author":1,"featured_media":2692,"parent":0,"menu_order":0,"comment_status":"closed","ping_status":"closed","template":"","meta":{"content-type":"","footnotes":""},"class_list":["post-2691","page","type-page","status-publish","has-post-thumbnail","hentry"],"yoast_head":"<!-- This site is optimized with the Yoast SEO plugin v27.5 - https:\/\/yoast.com\/product\/yoast-seo-wordpress\/ -->\n<title>CERTIFIED - RBH Access Technologies<\/title>\n<meta name=\"description\" content=\"RBH Access Technologies Gained ISO 9001:2015 on August 11, 2018\" \/>\n<meta name=\"robots\" content=\"index, follow, max-snippet:-1, max-image-preview:large, max-video-preview:-1\" \/>\n<link rel=\"canonical\" href=\"https:\/\/rbh-access.com\/pt\/certified\/\" \/>\n<meta property=\"og:locale\" content=\"pt_BR\" \/>\n<meta property=\"og:type\" content=\"article\" \/>\n<meta property=\"og:title\" content=\"CERTIFIED - RBH Access Technologies\" \/>\n<meta property=\"og:description\" content=\"RBH Access Technologies Gained ISO 9001:2015 on August 11, 2018\" \/>\n<meta property=\"og:url\" content=\"https:\/\/rbh-access.com\/pt\/certified\/\" \/>\n<meta property=\"og:site_name\" content=\"RBH Access Technologies\" \/>\n<meta property=\"article:modified_time\" content=\"2025-08-14T12:56:27+00:00\" \/>\n<meta property=\"og:image\" content=\"https:\/\/rbh-access.com\/wp-content\/uploads\/2021\/04\/kisspng-organization-iso-9000-iso-9001-2015-certification-certifications-amp-affiliations-chemco-products-5b6578b3e74033.3060775915333766919472.jpg\" \/>\n\t<meta property=\"og:image:width\" content=\"900\" \/>\n\t<meta property=\"og:image:height\" content=\"580\" \/>\n\t<meta property=\"og:image:type\" content=\"image\/jpeg\" \/>\n<meta name=\"twitter:card\" content=\"summary_large_image\" \/>\n<meta name=\"twitter:label1\" content=\"Est. tempo de leitura\" \/>\n\t<meta name=\"twitter:data1\" content=\"1 minuto\" \/>\n<script type=\"application\/ld+json\" class=\"yoast-schema-graph\">{\"@context\":\"https:\\\/\\\/schema.org\",\"@graph\":[{\"@type\":\"WebPage\",\"@id\":\"https:\\\/\\\/rbh-access.com\\\/certified\\\/\",\"url\":\"https:\\\/\\\/rbh-access.com\\\/certified\\\/\",\"name\":\"CERTIFIED - RBH Access Technologies\",\"isPartOf\":{\"@id\":\"https:\\\/\\\/rbh-access.com\\\/#website\"},\"primaryImageOfPage\":{\"@id\":\"https:\\\/\\\/rbh-access.com\\\/certified\\\/#primaryimage\"},\"image\":{\"@id\":\"https:\\\/\\\/rbh-access.com\\\/certified\\\/#primaryimage\"},\"thumbnailUrl\":\"https:\\\/\\\/rbh-access.com\\\/wp-content\\\/uploads\\\/2021\\\/04\\\/kisspng-organization-iso-9000-iso-9001-2015-certification-certifications-amp-affiliations-chemco-products-5b6578b3e74033.3060775915333766919472.jpg\",\"datePublished\":\"2021-04-05T18:25:19+00:00\",\"dateModified\":\"2025-08-14T12:56:27+00:00\",\"description\":\"RBH Access Technologies Gained ISO 9001:2015 on August 11, 2018\",\"breadcrumb\":{\"@id\":\"https:\\\/\\\/rbh-access.com\\\/certified\\\/#breadcrumb\"},\"inLanguage\":\"pt-BR\",\"potentialAction\":[{\"@type\":\"ReadAction\",\"target\":[\"https:\\\/\\\/rbh-access.com\\\/certified\\\/\"]}]},{\"@type\":\"ImageObject\",\"inLanguage\":\"pt-BR\",\"@id\":\"https:\\\/\\\/rbh-access.com\\\/certified\\\/#primaryimage\",\"url\":\"https:\\\/\\\/rbh-access.com\\\/wp-content\\\/uploads\\\/2021\\\/04\\\/kisspng-organization-iso-9000-iso-9001-2015-certification-certifications-amp-affiliations-chemco-products-5b6578b3e74033.3060775915333766919472.jpg\",\"contentUrl\":\"https:\\\/\\\/rbh-access.com\\\/wp-content\\\/uploads\\\/2021\\\/04\\\/kisspng-organization-iso-9000-iso-9001-2015-certification-certifications-amp-affiliations-chemco-products-5b6578b3e74033.3060775915333766919472.jpg\",\"width\":900,\"height\":580},{\"@type\":\"BreadcrumbList\",\"@id\":\"https:\\\/\\\/rbh-access.com\\\/certified\\\/#breadcrumb\",\"itemListElement\":[{\"@type\":\"ListItem\",\"position\":1,\"name\":\"Home\",\"item\":\"https:\\\/\\\/rbh-access.com\\\/\"},{\"@type\":\"ListItem\",\"position\":2,\"name\":\"CERTIFIED\"}]},{\"@type\":\"WebSite\",\"@id\":\"https:\\\/\\\/rbh-access.com\\\/#website\",\"url\":\"https:\\\/\\\/rbh-access.com\\\/\",\"name\":\"RBH Access Technologies\",\"description\":\"We Are Access Control\",\"publisher\":{\"@id\":\"https:\\\/\\\/rbh-access.com\\\/#organization\"},\"potentialAction\":[{\"@type\":\"SearchAction\",\"target\":{\"@type\":\"EntryPoint\",\"urlTemplate\":\"https:\\\/\\\/rbh-access.com\\\/?s={search_term_string}\"},\"query-input\":{\"@type\":\"PropertyValueSpecification\",\"valueRequired\":true,\"valueName\":\"search_term_string\"}}],\"inLanguage\":\"pt-BR\"},{\"@type\":\"Organization\",\"@id\":\"https:\\\/\\\/rbh-access.com\\\/#organization\",\"name\":\"RBH Access Technologies\",\"url\":\"https:\\\/\\\/rbh-access.com\\\/\",\"logo\":{\"@type\":\"ImageObject\",\"inLanguage\":\"pt-BR\",\"@id\":\"https:\\\/\\\/rbh-access.com\\\/#\\\/schema\\\/logo\\\/image\\\/\",\"url\":\"https:\\\/\\\/rbh-access.com\\\/wp-content\\\/uploads\\\/2021\\\/03\\\/log2.png\",\"contentUrl\":\"https:\\\/\\\/rbh-access.com\\\/wp-content\\\/uploads\\\/2021\\\/03\\\/log2.png\",\"width\":192,\"height\":82,\"caption\":\"RBH Access Technologies\"},\"image\":{\"@id\":\"https:\\\/\\\/rbh-access.com\\\/#\\\/schema\\\/logo\\\/image\\\/\"}}]}<\/script>\n<!-- \/ Yoast SEO plugin. -->","yoast_head_json":{"title":"CERTIFIED - RBH Access Technologies","description":"RBH Access Technologies Gained ISO 9001:2015 on August 11, 2018","robots":{"index":"index","follow":"follow","max-snippet":"max-snippet:-1","max-image-preview":"max-image-preview:large","max-video-preview":"max-video-preview:-1"},"canonical":"https:\/\/rbh-access.com\/pt\/certified\/","og_locale":"pt_BR","og_type":"article","og_title":"CERTIFIED - RBH Access Technologies","og_description":"RBH Access Technologies Gained ISO 9001:2015 on August 11, 2018","og_url":"https:\/\/rbh-access.com\/pt\/certified\/","og_site_name":"RBH Access Technologies","article_modified_time":"2025-08-14T12:56:27+00:00","og_image":[{"width":900,"height":580,"url":"https:\/\/rbh-access.com\/wp-content\/uploads\/2021\/04\/kisspng-organization-iso-9000-iso-9001-2015-certification-certifications-amp-affiliations-chemco-products-5b6578b3e74033.3060775915333766919472.jpg","type":"image\/jpeg"}],"twitter_card":"summary_large_image","twitter_misc":{"Est. tempo de leitura":"1 minuto"},"schema":{"@context":"https:\/\/schema.org","@graph":[{"@type":"WebPage","@id":"https:\/\/rbh-access.com\/certified\/","url":"https:\/\/rbh-access.com\/certified\/","name":"CERTIFIED - RBH Access Technologies","isPartOf":{"@id":"https:\/\/rbh-access.com\/#website"},"primaryImageOfPage":{"@id":"https:\/\/rbh-access.com\/certified\/#primaryimage"},"image":{"@id":"https:\/\/rbh-access.com\/certified\/#primaryimage"},"thumbnailUrl":"https:\/\/rbh-access.com\/wp-content\/uploads\/2021\/04\/kisspng-organization-iso-9000-iso-9001-2015-certification-certifications-amp-affiliations-chemco-products-5b6578b3e74033.3060775915333766919472.jpg","datePublished":"2021-04-05T18:25:19+00:00","dateModified":"2025-08-14T12:56:27+00:00","description":"RBH Access Technologies Gained ISO 9001:2015 on August 11, 2018","breadcrumb":{"@id":"https:\/\/rbh-access.com\/certified\/#breadcrumb"},"inLanguage":"pt-BR","potentialAction":[{"@type":"ReadAction","target":["https:\/\/rbh-access.com\/certified\/"]}]},{"@type":"ImageObject","inLanguage":"pt-BR","@id":"https:\/\/rbh-access.com\/certified\/#primaryimage","url":"https:\/\/rbh-access.com\/wp-content\/uploads\/2021\/04\/kisspng-organization-iso-9000-iso-9001-2015-certification-certifications-amp-affiliations-chemco-products-5b6578b3e74033.3060775915333766919472.jpg","contentUrl":"https:\/\/rbh-access.com\/wp-content\/uploads\/2021\/04\/kisspng-organization-iso-9000-iso-9001-2015-certification-certifications-amp-affiliations-chemco-products-5b6578b3e74033.3060775915333766919472.jpg","width":900,"height":580},{"@type":"BreadcrumbList","@id":"https:\/\/rbh-access.com\/certified\/#breadcrumb","itemListElement":[{"@type":"ListItem","position":1,"name":"Home","item":"https:\/\/rbh-access.com\/"},{"@type":"ListItem","position":2,"name":"CERTIFIED"}]},{"@type":"WebSite","@id":"https:\/\/rbh-access.com\/#website","url":"https:\/\/rbh-access.com\/","name":"RBH Access Technologies","description":"We Are Access Control","publisher":{"@id":"https:\/\/rbh-access.com\/#organization"},"potentialAction":[{"@type":"SearchAction","target":{"@type":"EntryPoint","urlTemplate":"https:\/\/rbh-access.com\/?s={search_term_string}"},"query-input":{"@type":"PropertyValueSpecification","valueRequired":true,"valueName":"search_term_string"}}],"inLanguage":"pt-BR"},{"@type":"Organization","@id":"https:\/\/rbh-access.com\/#organization","name":"RBH Access Technologies","url":"https:\/\/rbh-access.com\/","logo":{"@type":"ImageObject","inLanguage":"pt-BR","@id":"https:\/\/rbh-access.com\/#\/schema\/logo\/image\/","url":"https:\/\/rbh-access.com\/wp-content\/uploads\/2021\/03\/log2.png","contentUrl":"https:\/\/rbh-access.com\/wp-content\/uploads\/2021\/03\/log2.png","width":192,"height":82,"caption":"RBH Access Technologies"},"image":{"@id":"https:\/\/rbh-access.com\/#\/schema\/logo\/image\/"}}]}},"_links":{"self":[{"href":"https:\/\/rbh-access.com\/pt\/wp-json\/wp\/v2\/pages\/2691","targetHints":{"allow":["GET"]}}],"collection":[{"href":"https:\/\/rbh-access.com\/pt\/wp-json\/wp\/v2\/pages"}],"about":[{"href":"https:\/\/rbh-access.com\/pt\/wp-json\/wp\/v2\/types\/page"}],"author":[{"embeddable":true,"href":"https:\/\/rbh-access.com\/pt\/wp-json\/wp\/v2\/users\/1"}],"replies":[{"embeddable":true,"href":"https:\/\/rbh-access.com\/pt\/wp-json\/wp\/v2\/comments?post=2691"}],"version-history":[{"count":6,"href":"https:\/\/rbh-access.com\/pt\/wp-json\/wp\/v2\/pages\/2691\/revisions"}],"predecessor-version":[{"id":10819,"href":"https:\/\/rbh-access.com\/pt\/wp-json\/wp\/v2\/pages\/2691\/revisions\/10819"}],"wp:featuredmedia":[{"embeddable":true,"href":"https:\/\/rbh-access.com\/pt\/wp-json\/wp\/v2\/media\/2692"}],"wp:attachment":[{"href":"https:\/\/rbh-access.com\/pt\/wp-json\/wp\/v2\/media?parent=2691"}],"curies":[{"name":"wp","href":"https:\/\/api.w.org\/{rel}","templated":true}]}}