{"id":9232,"date":"2024-08-28T12:27:03","date_gmt":"2024-08-28T17:27:03","guid":{"rendered":"https:\/\/rbh-access.com\/?page_id=9232"},"modified":"2024-08-28T12:27:05","modified_gmt":"2024-08-28T17:27:05","slug":"cookie-policy","status":"publish","type":"page","link":"https:\/\/rbh-access.com\/pt\/cookie-policy\/","title":{"rendered":"Pol\u00edtica de Cookies"},"content":{"rendered":"<div class=\"cli_pg_page_container\">\n<h3>Sobre esta pol\u00edtica de cookies<\/h3>\n<div>Esta Pol\u00edtica de Cookies explica o que s\u00e3o cookies e como os usamos, os tipos de cookies que usamos, ou seja, as informa\u00e7\u00f5es que coletamos usando cookies e como essas informa\u00e7\u00f5es s\u00e3o usadas, e como controlar as prefer\u00eancias de cookies. Para obter mais informa\u00e7\u00f5es sobre como usamos, armazenamos e mantemos seus dados pessoais seguros, consulte nossa Pol\u00edtica de Privacidade. Voc\u00ea pode, a qualquer momento, alterar ou retirar seu consentimento da Declara\u00e7\u00e3o de Cookies em nosso site<br \/>\nSaiba mais sobre quem somos, como voc\u00ea pode entrar em contato conosco e como processamos dados pessoais em nossa Pol\u00edtica de Privacidade.<br \/>\nSeu consentimento se aplica aos seguintes dom\u00ednios: rbh-access.com<br \/>\n<div class=\"cli_user_consent_state\">Seu estado atual: N\u00e3o foi dado consentimento. <a class=\"cli_manage_current_consent\" style=\"cursor:pointer;text-decoration:underline;\">Gerenciar consentimento.<\/a> <\/div>\n<\/div>\n<h3>O que s\u00e3o cookies?<\/h3>\n<div>Cookies s\u00e3o pequenos arquivos de texto que s\u00e3o usados para armazenar pequenas informa\u00e7\u00f5es. Eles s\u00e3o armazenados no seu dispositivo quando o site \u00e9 carregado no seu navegador. Esses cookies nos ajudam a fazer o site funcionar corretamente, torn\u00e1-lo mais seguro, fornecer melhor experi\u00eancia do usu\u00e1rio e entender como o site funciona e analisar o que funciona e onde precisa de melhorias.<\/div>\n<h3>Como usamos cookies?<\/h3>\n<div>Como a maioria dos servi\u00e7os online, nosso site usa cookies prim\u00e1rios e de terceiros para v\u00e1rios prop\u00f3sitos. Os cookies prim\u00e1rios s\u00e3o principalmente necess\u00e1rios para que o site funcione da maneira correta e n\u00e3o coletam nenhum dado pessoalmente identific\u00e1vel. Os cookies de terceiros usados em nosso site s\u00e3o principalmente para entender como o site funciona, como voc\u00ea interage com nosso site, manter nossos servi\u00e7os seguros, fornecer an\u00fancios que s\u00e3o relevantes para voc\u00ea e, em suma, fornecer a voc\u00ea uma experi\u00eancia de usu\u00e1rio melhor e aprimorada e ajudar a acelerar suas futuras intera\u00e7\u00f5es com nosso site.<\/p>\n<\/div>\n<h3>Que tipos de cookies usamos?<\/h3>\n<div>Essencial: Alguns cookies s\u00e3o essenciais para que voc\u00ea possa experimentar a funcionalidade completa do nosso site. Eles nos permitem manter sess\u00f5es de usu\u00e1rio e evitar quaisquer amea\u00e7as \u00e0 seguran\u00e7a. Eles n\u00e3o coletam ou armazenam nenhuma informa\u00e7\u00e3o pessoal. Por exemplo, esses cookies permitem que voc\u00ea fa\u00e7a login na sua conta e adicione produtos \u00e0 sua cesta, e finalize a compra com seguran\u00e7a. Estat\u00edsticas: Esses cookies armazenam informa\u00e7\u00f5es como o n\u00famero de visitantes do site, o n\u00famero de visitantes \u00fanicos, quais p\u00e1ginas do site foram visitadas, a fonte da visita, etc. Esses dados nos ajudam a entender e analisar o desempenho do site e onde ele precisa de melhorias.<\/p>\n<p>Marketing: Nosso site exibe an\u00fancios. Esses cookies s\u00e3o usados para personalizar os an\u00fancios que mostramos a voc\u00ea para que sejam significativos para voc\u00ea. Esses cookies tamb\u00e9m nos ajudam a acompanhar a efici\u00eancia dessas campanhas publicit\u00e1rias.<br \/>\nAs informa\u00e7\u00f5es armazenadas nesses cookies tamb\u00e9m podem ser usadas por provedores de an\u00fancios de terceiros para exibir an\u00fancios em outros sites no navegador.<\/p>\n<p>Funcional: Estes s\u00e3o os cookies que ajudam certas funcionalidades n\u00e3o essenciais em nosso site. Essas funcionalidades incluem incorporar conte\u00fado como v\u00eddeos ou compartilhar conte\u00fado do site em plataformas de m\u00eddia social.<\/p>\n<p>Prefer\u00eancias: Esses cookies nos ajudam a armazenar suas configura\u00e7\u00f5es e prefer\u00eancias de navega\u00e7\u00e3o, como prefer\u00eancias de idioma, para que voc\u00ea tenha uma experi\u00eancia melhor e eficiente em futuras visitas ao site.<br \/>\n<p>A lista abaixo detalha os cookies usados em nosso site.<\/p><table class=\"cookielawinfo-row-cat-table cookielawinfo-classic\"><thead><tr><th class=\"cookielawinfo-column-1\">Biscoito<\/th><th class=\"cookielawinfo-column-4\">Descri\u00e7\u00e3o<\/th><\/tr><\/thead><tbody><tr class=\"cookielawinfo-row\"><td class=\"cookielawinfo-column-1\">_GRECAPTCHA<\/td><td class=\"cookielawinfo-column-4\">Este cookie \u00e9 definido pelo servi\u00e7o de recaptcha do Google para identificar bots para proteger o site contra ataques de spam maliciosos.<\/td><\/tr><tr class=\"cookielawinfo-row\"><td class=\"cookielawinfo-column-1\">CONSENTIMENTO<\/td><td class=\"cookielawinfo-column-4\">O YouTube define esse cookie por meio de v\u00eddeos do youtube incorporados e registra dados estat\u00edsticos an\u00f4nimos.<\/td><\/tr><tr class=\"cookielawinfo-row\"><td class=\"cookielawinfo-column-1\">cookielawinfo-checkbox-advertisement<\/td><td class=\"cookielawinfo-column-4\">Definido pelo plug-in GDPR Cookie Consent, este cookie \u00e9 usado para registrar o consentimento do usu\u00e1rio para os cookies na categoria &quot;An\u00fancio&quot; .<\/td><\/tr><tr class=\"cookielawinfo-row\"><td class=\"cookielawinfo-column-1\">cookielawinfo-checkbox-analytics<\/td><td class=\"cookielawinfo-column-4\">Este cookie \u00e9 definido pelo plug-in GDPR Cookie Consent. O cookie \u00e9 usado para armazenar o consentimento do usu\u00e1rio para os cookies na categoria &quot;Analytics&quot;.<\/td><\/tr><tr class=\"cookielawinfo-row\"><td class=\"cookielawinfo-column-1\">cookielawinfo-checkbox-funcional<\/td><td class=\"cookielawinfo-column-4\">O cookie \u00e9 definido pelo consentimento do cookie GDPR para registrar o consentimento do usu\u00e1rio para os cookies na categoria &quot;Funcional&quot;.<\/td><\/tr><tr class=\"cookielawinfo-row\"><td class=\"cookielawinfo-column-1\">cookielawinfo-checkbox-necess\u00e1rio<\/td><td class=\"cookielawinfo-column-4\">Este cookie \u00e9 definido pelo plug-in GDPR Cookie Consent. Os cookies s\u00e3o usados para armazenar o consentimento do usu\u00e1rio para os cookies na categoria &quot;Necess\u00e1rio&quot;.<\/td><\/tr><tr class=\"cookielawinfo-row\"><td class=\"cookielawinfo-column-1\">cookielawinfo-checkbox-outros<\/td><td class=\"cookielawinfo-column-4\">Este cookie \u00e9 definido pelo plug-in GDPR Cookie Consent. O cookie \u00e9 usado para armazenar o consentimento do usu\u00e1rio para os cookies na categoria &quot;Outros.<\/td><\/tr><tr class=\"cookielawinfo-row\"><td class=\"cookielawinfo-column-1\">cookielawinfo-checkbox-performance<\/td><td class=\"cookielawinfo-column-4\">Este cookie \u00e9 definido pelo plug-in GDPR Cookie Consent. O cookie \u00e9 usado para armazenar o consentimento do usu\u00e1rio para os cookies na categoria &quot;Desempenho&quot;.<\/td><\/tr><tr class=\"cookielawinfo-row\"><td class=\"cookielawinfo-column-1\">CookieLawInfoConsent<\/td><td class=\"cookielawinfo-column-4\">Registra o estado do bot\u00e3o padr\u00e3o da categoria correspondente e o status do CCPA. Funciona apenas em coordena\u00e7\u00e3o com o cookie prim\u00e1rio.<\/td><\/tr><tr class=\"cookielawinfo-row\"><td class=\"cookielawinfo-column-1\">elementor<\/td><td class=\"cookielawinfo-column-4\">Este cookie \u00e9 usado pelo tema WordPress do site. Ele permite que o propriet\u00e1rio do site implemente ou altere o conte\u00fado do site em tempo real.<\/td><\/tr><tr class=\"cookielawinfo-row\"><td class=\"cookielawinfo-column-1\">io<\/td><td class=\"cookielawinfo-column-4\">OnWebChat define esse cookie para manter a sess\u00e3o do socket.io.<\/td><\/tr><tr class=\"cookielawinfo-row\"><td class=\"cookielawinfo-column-1\">onwbchtblocked<\/td><td class=\"cookielawinfo-column-4\">O OnWebChat define esse cookie para fornecer fun\u00e7\u00f5es nas p\u00e1ginas.<\/td><\/tr><tr class=\"cookielawinfo-row\"><td class=\"cookielawinfo-column-1\">onwbchtexpress.sid<\/td><td class=\"cookielawinfo-column-4\">OnWebChat define esse cookie como um identificador para a sess\u00e3o atual do onWebChat.<\/td><\/tr><tr class=\"cookielawinfo-row\"><td class=\"cookielawinfo-column-1\">onwbchtsessionrandom<\/td><td class=\"cookielawinfo-column-4\">OnWebChat define esse cookie como um n\u00famero aleat\u00f3rio usado para identificar visitantes.<\/td><\/tr><tr class=\"cookielawinfo-row\"><td class=\"cookielawinfo-column-1\">onwbchtSound<\/td><td class=\"cookielawinfo-column-4\">O OnWebChat define este cookie para armazenar a prefer\u00eancia de &#039;ligar\/desligar som&#039; do visitante.<\/td><\/tr><tr class=\"cookielawinfo-row\"><td class=\"cookielawinfo-column-1\">onwbchttimesVisitado<\/td><td class=\"cookielawinfo-column-4\">OnWebChat define este cookie para armazenar o n\u00famero de visitas.<\/td><\/tr><tr class=\"cookielawinfo-row\"><td class=\"cookielawinfo-column-1\">view_cookie_policy<\/td><td class=\"cookielawinfo-column-4\">O cookie \u00e9 definido pelo plug-in GDPR Cookie Consent e \u00e9 usado para armazenar se o usu\u00e1rio consentiu ou n\u00e3o com o uso de cookies. Ele n\u00e3o armazena nenhum dado pessoal.<\/td><\/tr><tr class=\"cookielawinfo-row\"><td class=\"cookielawinfo-column-1\">VISITOR_INFO1_LIVE<\/td><td class=\"cookielawinfo-column-4\">Um cookie definido pelo YouTube para medir a largura de banda que determina se o usu\u00e1rio obt\u00e9m a interface do player nova ou antiga.<\/td><\/tr><tr class=\"cookielawinfo-row\"><td class=\"cookielawinfo-column-1\">YSC<\/td><td class=\"cookielawinfo-column-4\">O cookie YSC \u00e9 definido pelo Youtube e \u00e9 usado para rastrear as visualiza\u00e7\u00f5es de v\u00eddeos incorporados nas p\u00e1ginas do Youtube.<\/td><\/tr><tr class=\"cookielawinfo-row\"><td class=\"cookielawinfo-column-1\">yt-remote-connected-dispositivos<\/td><td class=\"cookielawinfo-column-4\">O YouTube define esse cookie para armazenar as prefer\u00eancias de v\u00eddeo do usu\u00e1rio usando o v\u00eddeo incorporado do YouTube.<\/td><\/tr><tr class=\"cookielawinfo-row\"><td class=\"cookielawinfo-column-1\">yt-remote-device-id<\/td><td class=\"cookielawinfo-column-4\">O YouTube define esse cookie para armazenar as prefer\u00eancias de v\u00eddeo do usu\u00e1rio usando o v\u00eddeo incorporado do YouTube.<\/td><\/tr><\/tbody><\/table>\n<\/div>\n<h3>Como posso controlar as prefer\u00eancias de cookies?<\/h3>\n<div>Caso decida alterar suas prefer\u00eancias posteriormente durante sua sess\u00e3o de navega\u00e7\u00e3o, voc\u00ea pode clicar na aba \u201cGerenciar consentimento\u201d na sua tela. Isso exibir\u00e1 o aviso de consentimento novamente, permitindo que voc\u00ea altere suas prefer\u00eancias ou retire seu consentimento completamente. Al\u00e9m disso, diferentes navegadores fornecem m\u00e9todos diferentes para bloquear e excluir cookies usados por sites. Voc\u00ea pode alterar as configura\u00e7\u00f5es do seu navegador para bloquear\/excluir os cookies. Para saber mais sobre como gerenciar e excluir cookies, visite wikipedia.org, www.allaboutcookies.org.<\/p>\n<\/div>\n<\/div>","protected":false},"excerpt":{"rendered":"<p>Sobre esta pol\u00edtica de cookies Esta Pol\u00edtica de Cookies explica o que s\u00e3o cookies e como os usamos, os tipos de cookies que usamos, ou seja, as informa\u00e7\u00f5es que coletamos usando cookies e como essas informa\u00e7\u00f5es s\u00e3o usadas, e como controlar as prefer\u00eancias de cookies. Para obter mais informa\u00e7\u00f5es sobre como usamos, armazenamos e mantemos seus dados pessoais [\u2026]<\/p>","protected":false},"author":1,"featured_media":0,"parent":0,"menu_order":0,"comment_status":"closed","ping_status":"closed","template":"","meta":{"content-type":"","footnotes":""},"class_list":["post-9232","page","type-page","status-publish","hentry"],"yoast_head":"<!-- This site is optimized with the Yoast SEO plugin v27.2 - https:\/\/yoast.com\/product\/yoast-seo-wordpress\/ -->\n<title>Cookie Policy - RBH Access Technologies<\/title>\n<meta name=\"robots\" content=\"index, follow, max-snippet:-1, max-image-preview:large, max-video-preview:-1\" \/>\n<link rel=\"canonical\" href=\"https:\/\/rbh-access.com\/pt\/cookie-policy\/\" \/>\n<meta property=\"og:locale\" content=\"pt_BR\" \/>\n<meta property=\"og:type\" content=\"article\" \/>\n<meta property=\"og:title\" content=\"Cookie Policy - RBH Access Technologies\" \/>\n<meta property=\"og:description\" content=\"About this cookie policy This Cookie Policy explains what cookies are and how we use them, the types of cookies we use i.e, the information we collect using cookies and how that information is used, and how to control the cookie preferences. For further information on how we use, store, and keep your personal data [&hellip;]\" \/>\n<meta property=\"og:url\" content=\"https:\/\/rbh-access.com\/pt\/cookie-policy\/\" \/>\n<meta property=\"og:site_name\" content=\"RBH Access Technologies\" \/>\n<meta property=\"article:modified_time\" content=\"2024-08-28T17:27:05+00:00\" \/>\n<meta name=\"twitter:card\" content=\"summary_large_image\" \/>\n<meta name=\"twitter:label1\" content=\"Est. tempo de leitura\" \/>\n\t<meta name=\"twitter:data1\" content=\"3 minutos\" \/>\n<script type=\"application\/ld+json\" class=\"yoast-schema-graph\">{\"@context\":\"https:\/\/schema.org\",\"@graph\":[{\"@type\":\"WebPage\",\"@id\":\"https:\/\/rbh-access.com\/cookie-policy\/\",\"url\":\"https:\/\/rbh-access.com\/cookie-policy\/\",\"name\":\"Cookie Policy - RBH Access Technologies\",\"isPartOf\":{\"@id\":\"https:\/\/rbh-access.com\/#website\"},\"datePublished\":\"2024-08-28T17:27:03+00:00\",\"dateModified\":\"2024-08-28T17:27:05+00:00\",\"breadcrumb\":{\"@id\":\"https:\/\/rbh-access.com\/cookie-policy\/#breadcrumb\"},\"inLanguage\":\"pt-BR\",\"potentialAction\":[{\"@type\":\"ReadAction\",\"target\":[\"https:\/\/rbh-access.com\/cookie-policy\/\"]}]},{\"@type\":\"BreadcrumbList\",\"@id\":\"https:\/\/rbh-access.com\/cookie-policy\/#breadcrumb\",\"itemListElement\":[{\"@type\":\"ListItem\",\"position\":1,\"name\":\"Home\",\"item\":\"https:\/\/rbh-access.com\/\"},{\"@type\":\"ListItem\",\"position\":2,\"name\":\"Cookie Policy\"}]},{\"@type\":\"WebSite\",\"@id\":\"https:\/\/rbh-access.com\/#website\",\"url\":\"https:\/\/rbh-access.com\/\",\"name\":\"RBH Access Technologies\",\"description\":\"We Are Access Control\",\"publisher\":{\"@id\":\"https:\/\/rbh-access.com\/#organization\"},\"potentialAction\":[{\"@type\":\"SearchAction\",\"target\":{\"@type\":\"EntryPoint\",\"urlTemplate\":\"https:\/\/rbh-access.com\/?s={search_term_string}\"},\"query-input\":{\"@type\":\"PropertyValueSpecification\",\"valueRequired\":true,\"valueName\":\"search_term_string\"}}],\"inLanguage\":\"pt-BR\"},{\"@type\":\"Organization\",\"@id\":\"https:\/\/rbh-access.com\/#organization\",\"name\":\"RBH Access Technologies\",\"url\":\"https:\/\/rbh-access.com\/\",\"logo\":{\"@type\":\"ImageObject\",\"inLanguage\":\"pt-BR\",\"@id\":\"https:\/\/rbh-access.com\/#\/schema\/logo\/image\/\",\"url\":\"https:\/\/rbh-access.com\/wp-content\/uploads\/2021\/03\/log2.png\",\"contentUrl\":\"https:\/\/rbh-access.com\/wp-content\/uploads\/2021\/03\/log2.png\",\"width\":192,\"height\":82,\"caption\":\"RBH Access Technologies\"},\"image\":{\"@id\":\"https:\/\/rbh-access.com\/#\/schema\/logo\/image\/\"}}]}<\/script>\n<!-- \/ Yoast SEO plugin. -->","yoast_head_json":{"title":"Cookie Policy - RBH Access Technologies","robots":{"index":"index","follow":"follow","max-snippet":"max-snippet:-1","max-image-preview":"max-image-preview:large","max-video-preview":"max-video-preview:-1"},"canonical":"https:\/\/rbh-access.com\/pt\/cookie-policy\/","og_locale":"pt_BR","og_type":"article","og_title":"Cookie Policy - RBH Access Technologies","og_description":"About this cookie policy This Cookie Policy explains what cookies are and how we use them, the types of cookies we use i.e, the information we collect using cookies and how that information is used, and how to control the cookie preferences. For further information on how we use, store, and keep your personal data [&hellip;]","og_url":"https:\/\/rbh-access.com\/pt\/cookie-policy\/","og_site_name":"RBH Access Technologies","article_modified_time":"2024-08-28T17:27:05+00:00","twitter_card":"summary_large_image","twitter_misc":{"Est. tempo de leitura":"3 minutos"},"schema":{"@context":"https:\/\/schema.org","@graph":[{"@type":"WebPage","@id":"https:\/\/rbh-access.com\/cookie-policy\/","url":"https:\/\/rbh-access.com\/cookie-policy\/","name":"Cookie Policy - RBH Access Technologies","isPartOf":{"@id":"https:\/\/rbh-access.com\/#website"},"datePublished":"2024-08-28T17:27:03+00:00","dateModified":"2024-08-28T17:27:05+00:00","breadcrumb":{"@id":"https:\/\/rbh-access.com\/cookie-policy\/#breadcrumb"},"inLanguage":"pt-BR","potentialAction":[{"@type":"ReadAction","target":["https:\/\/rbh-access.com\/cookie-policy\/"]}]},{"@type":"BreadcrumbList","@id":"https:\/\/rbh-access.com\/cookie-policy\/#breadcrumb","itemListElement":[{"@type":"ListItem","position":1,"name":"Home","item":"https:\/\/rbh-access.com\/"},{"@type":"ListItem","position":2,"name":"Cookie Policy"}]},{"@type":"WebSite","@id":"https:\/\/rbh-access.com\/#website","url":"https:\/\/rbh-access.com\/","name":"RBH Access Technologies","description":"We Are Access Control","publisher":{"@id":"https:\/\/rbh-access.com\/#organization"},"potentialAction":[{"@type":"SearchAction","target":{"@type":"EntryPoint","urlTemplate":"https:\/\/rbh-access.com\/?s={search_term_string}"},"query-input":{"@type":"PropertyValueSpecification","valueRequired":true,"valueName":"search_term_string"}}],"inLanguage":"pt-BR"},{"@type":"Organization","@id":"https:\/\/rbh-access.com\/#organization","name":"RBH Access Technologies","url":"https:\/\/rbh-access.com\/","logo":{"@type":"ImageObject","inLanguage":"pt-BR","@id":"https:\/\/rbh-access.com\/#\/schema\/logo\/image\/","url":"https:\/\/rbh-access.com\/wp-content\/uploads\/2021\/03\/log2.png","contentUrl":"https:\/\/rbh-access.com\/wp-content\/uploads\/2021\/03\/log2.png","width":192,"height":82,"caption":"RBH Access Technologies"},"image":{"@id":"https:\/\/rbh-access.com\/#\/schema\/logo\/image\/"}}]}},"_links":{"self":[{"href":"https:\/\/rbh-access.com\/pt\/wp-json\/wp\/v2\/pages\/9232","targetHints":{"allow":["GET"]}}],"collection":[{"href":"https:\/\/rbh-access.com\/pt\/wp-json\/wp\/v2\/pages"}],"about":[{"href":"https:\/\/rbh-access.com\/pt\/wp-json\/wp\/v2\/types\/page"}],"author":[{"embeddable":true,"href":"https:\/\/rbh-access.com\/pt\/wp-json\/wp\/v2\/users\/1"}],"replies":[{"embeddable":true,"href":"https:\/\/rbh-access.com\/pt\/wp-json\/wp\/v2\/comments?post=9232"}],"version-history":[{"count":2,"href":"https:\/\/rbh-access.com\/pt\/wp-json\/wp\/v2\/pages\/9232\/revisions"}],"predecessor-version":[{"id":9234,"href":"https:\/\/rbh-access.com\/pt\/wp-json\/wp\/v2\/pages\/9232\/revisions\/9234"}],"wp:attachment":[{"href":"https:\/\/rbh-access.com\/pt\/wp-json\/wp\/v2\/media?parent=9232"}],"curies":[{"name":"wp","href":"https:\/\/api.w.org\/{rel}","templated":true}]}}